{"id":1222,"date":"2026-04-18T09:57:22","date_gmt":"2026-04-18T08:57:22","guid":{"rendered":"http:\/\/cabineb.cluster100.hosting.ovh.net\/4enfants\/?page_id=1222"},"modified":"2026-04-18T18:34:36","modified_gmt":"2026-04-18T17:34:36","slug":"entreprises","status":"publish","type":"page","link":"https:\/\/www.petitescreches.fr\/index.php\/entreprises\/","title":{"rendered":"Entreprises"},"content":{"rendered":"\t\t<div data-elementor-type=\"wp-page\" data-elementor-id=\"1222\" class=\"elementor elementor-1222\" data-elementor-post-type=\"page\">\n\t\t\t\t<div class=\"elementor-element elementor-element-92532c2 e-flex e-con-boxed wpr-particle-no wpr-jarallax-no wpr-parallax-no wpr-sticky-section-no wpr-equal-height-no e-con e-parent\" data-id=\"92532c2\" data-element_type=\"container\" data-e-type=\"container\" data-settings=\"{&quot;background_background&quot;:&quot;classic&quot;}\">\n\t\t\t\t\t<div class=\"e-con-inner\">\n\t\t<div class=\"elementor-element elementor-element-2a567d7 e-con-full e-flex wpr-particle-no wpr-jarallax-no wpr-parallax-no wpr-sticky-section-no wpr-equal-height-no e-con e-child\" data-id=\"2a567d7\" data-element_type=\"container\" data-e-type=\"container\">\n\t\t\t\t<div class=\"elementor-element elementor-element-4a44c92 elementor-widget elementor-widget-spacer\" data-id=\"4a44c92\" data-element_type=\"widget\" data-e-type=\"widget\" data-widget_type=\"spacer.default\">\n\t\t\t\t\t\t\t<div class=\"elementor-spacer\">\n\t\t\t<div class=\"elementor-spacer-inner\"><\/div>\n\t\t<\/div>\n\t\t\t\t\t\t<\/div>\n\t\t\t\t<div class=\"elementor-element elementor-element-4ef252a elementor-widget elementor-widget-heading\" data-id=\"4ef252a\" data-element_type=\"widget\" data-e-type=\"widget\" data-widget_type=\"heading.default\">\n\t\t\t\t\t<h1 class=\"elementor-heading-title elementor-size-default\">Entreprises<\/h1>\t\t\t\t<\/div>\n\t\t\t\t<div class=\"elementor-element elementor-element-fb1c2de elementor-widget elementor-widget-text-editor\" data-id=\"fb1c2de\" data-element_type=\"widget\" data-e-type=\"widget\" data-widget_type=\"text-editor.default\">\n\t\t\t\t\t\t\t\t\t<p><strong>Nous vous proposons des cr\u00e8ches \u00e0 proximit\u00e9 du domicile des parents ou du lieu de travail.<\/strong><\/p><p>Chacune de nos cr\u00e8ches est un espace d\u2019accueil s\u00e9curisant, calme et ludique.<br \/>Nos cr\u00e8ches sont ouvertes toute l\u2019ann\u00e9e, du lundi au vendredi de 8h \u00e0 19h30, afin de s\u2019adapter aux contraintes des parents.<\/p><p>Nous vous accompagnons dans la mise en place de ce projet et sa gestion pour r\u00e9pondre au mieux \u00e0 votre besoin.<\/p><p>Proposer des places \u00e0 vos salari\u00e9s valorise votre engagement social et constitue pour les salari\u00e9s-parent une source de motivation et de fid\u00e9lisation en contribuant \u00e0 une meilleure conciliation vie professionnelle-vie familiale.<\/p>\t\t\t\t\t\t\t\t<\/div>\n\t\t\t\t<div class=\"elementor-element elementor-element-6fdbbe9 elementor-align-left elementor-widget elementor-widget-button\" data-id=\"6fdbbe9\" data-element_type=\"widget\" data-e-type=\"widget\" data-widget_type=\"button.default\">\n\t\t\t\t\t\t\t\t\t\t<a class=\"elementor-button elementor-button-link elementor-size-sm\" href=\"https:\/\/www.petitescreches.fr\/index.php\/pre-inscription\/\">\n\t\t\t\t\t\t<span class=\"elementor-button-content-wrapper\">\n\t\t\t\t\t\t\t\t\t<span class=\"elementor-button-text\">PRE-INSCRIPTIONS<\/span>\n\t\t\t\t\t<\/span>\n\t\t\t\t\t<\/a>\n\t\t\t\t\t\t\t\t<\/div>\n\t\t\t\t<div class=\"elementor-element elementor-element-dcb2ad7 elementor-widget elementor-widget-spacer\" data-id=\"dcb2ad7\" data-element_type=\"widget\" data-e-type=\"widget\" data-widget_type=\"spacer.default\">\n\t\t\t\t\t\t\t<div class=\"elementor-spacer\">\n\t\t\t<div class=\"elementor-spacer-inner\"><\/div>\n\t\t<\/div>\n\t\t\t\t\t\t<\/div>\n\t\t\t\t<\/div>\n\t\t<div class=\"elementor-element elementor-element-001a6b6 e-con-full e-flex wpr-particle-no wpr-jarallax-no wpr-parallax-no wpr-sticky-section-no wpr-equal-height-no e-con e-child\" data-id=\"001a6b6\" data-element_type=\"container\" data-e-type=\"container\">\n\t\t\t\t<div class=\"elementor-element elementor-element-a0b89b0 elementor-widget elementor-widget-spacer\" data-id=\"a0b89b0\" data-element_type=\"widget\" data-e-type=\"widget\" data-widget_type=\"spacer.default\">\n\t\t\t\t\t\t\t<div class=\"elementor-spacer\">\n\t\t\t<div class=\"elementor-spacer-inner\"><\/div>\n\t\t<\/div>\n\t\t\t\t\t\t<\/div>\n\t\t\t\t<div class=\"elementor-element elementor-element-d3b89d1 elementor-widget elementor-widget-image\" data-id=\"d3b89d1\" data-element_type=\"widget\" data-e-type=\"widget\" data-widget_type=\"image.default\">\n\t\t\t\t\t\t\t\t\t\t\t\t\t\t\t<img fetchpriority=\"high\" decoding=\"async\" width=\"595\" height=\"493\" src=\"https:\/\/www.petitescreches.fr\/wp-content\/uploads\/2026\/04\/enbtreprises-header.jpg\" class=\"attachment-full size-full wp-image-1265\" alt=\"\" srcset=\"https:\/\/www.petitescreches.fr\/wp-content\/uploads\/2026\/04\/enbtreprises-header.jpg 595w, https:\/\/www.petitescreches.fr\/wp-content\/uploads\/2026\/04\/enbtreprises-header-300x249.jpg 300w\" sizes=\"(max-width: 595px) 100vw, 595px\" \/>\t\t\t\t\t\t\t\t\t\t\t\t\t\t\t<\/div>\n\t\t\t\t<\/div>\n\t\t\t\t\t<\/div>\n\t\t\t\t<\/div>\n\t\t<div class=\"elementor-element elementor-element-470e156 e-flex e-con-boxed wpr-particle-no wpr-jarallax-no wpr-parallax-no wpr-sticky-section-no wpr-equal-height-no e-con e-parent\" data-id=\"470e156\" data-element_type=\"container\" data-e-type=\"container\">\n\t\t\t\t\t<div class=\"e-con-inner\">\n\t\t\t\t<div class=\"elementor-element elementor-element-62231d3 elementor-widget elementor-widget-text-editor\" data-id=\"62231d3\" data-element_type=\"widget\" data-e-type=\"widget\" data-widget_type=\"text-editor.default\">\n\t\t\t\t\t\t\t\t\t<p>L\u2019attachement d\u2019un salari\u00e9 envers son entreprise est diff\u00e9rent si celle-ci l\u2019accompagne dans son projet de famille. Nous offrons une solution essentielle qui permet d\u2019\u00e9viter une rupture entre le salari\u00e9 et son employeur et qui contribue \u00e0 son \u00e9panouissement \u00e0 moindre co\u00fbt.<\/p>\t\t\t\t\t\t\t\t<\/div>\n\t\t\t\t\t<\/div>\n\t\t\t\t<\/div>\n\t\t<div class=\"elementor-element elementor-element-7f54f04 e-grid e-con-boxed wpr-particle-no wpr-jarallax-no wpr-parallax-no wpr-sticky-section-no wpr-equal-height-no e-con e-parent\" data-id=\"7f54f04\" data-element_type=\"container\" data-e-type=\"container\">\n\t\t\t\t\t<div class=\"e-con-inner\">\n\t\t\t\t<div class=\"elementor-element elementor-element-ef9eca1 elementor-widget elementor-widget-heading\" data-id=\"ef9eca1\" data-element_type=\"widget\" data-e-type=\"widget\" data-widget_type=\"heading.default\">\n\t\t\t\t\t<h2 class=\"elementor-heading-title elementor-size-default\">Vos avantages<\/h2>\t\t\t\t<\/div>\n\t\t\t\t<div class=\"elementor-element elementor-element-41e6f45 elementor-widget elementor-widget-heading\" data-id=\"41e6f45\" data-element_type=\"widget\" data-e-type=\"widget\" data-widget_type=\"heading.default\">\n\t\t\t\t\t<h2 class=\"elementor-heading-title elementor-size-default\">Les avantages pour vos salari\u00e9s<\/h2>\t\t\t\t<\/div>\n\t\t\t\t<div class=\"elementor-element elementor-element-9a5648e elementor-widget elementor-widget-text-editor\" data-id=\"9a5648e\" data-element_type=\"widget\" data-e-type=\"widget\" data-widget_type=\"text-editor.default\">\n\t\t\t\t\t\t\t\t\t<ul><li>Fid\u00e9liser vos salari\u00e9s<\/li><li>Diminution du turn over et de l\u2019absent\u00e9isme<\/li><li>Valoriser votre engagement social<\/li><\/ul>\t\t\t\t\t\t\t\t<\/div>\n\t\t\t\t<div class=\"elementor-element elementor-element-84ede35 elementor-widget elementor-widget-text-editor\" data-id=\"84ede35\" data-element_type=\"widget\" data-e-type=\"widget\" data-widget_type=\"text-editor.default\">\n\t\t\t\t\t\t\t\t\t<ul><li>Contribuer \u00e0 l\u2019am\u00e9lioration de la qualit\u00e9 de vie au travail de vos salari\u00e9s<\/li><li>Aider vos salari\u00e9s \u00e0 concilier vie priv\u00e9e et vie personnelle<\/li><li>Faciliter le retour de cong\u00e9 maternit\u00e9<\/li><li>Faciliter l\u2019acc\u00e8s \u00e0 la cr\u00e8che<\/li><\/ul>\t\t\t\t\t\t\t\t<\/div>\n\t\t\t\t\t<\/div>\n\t\t\t\t<\/div>\n\t\t<div class=\"elementor-element elementor-element-0166e63 e-flex e-con-boxed wpr-particle-no wpr-jarallax-no wpr-parallax-no wpr-sticky-section-no wpr-equal-height-no e-con e-parent\" data-id=\"0166e63\" data-element_type=\"container\" data-e-type=\"container\">\n\t\t\t\t\t<div class=\"e-con-inner\">\n\t\t\t\t<div class=\"elementor-element elementor-element-d483ac7 elementor-widget elementor-widget-spacer\" data-id=\"d483ac7\" data-element_type=\"widget\" data-e-type=\"widget\" data-widget_type=\"spacer.default\">\n\t\t\t\t\t\t\t<div class=\"elementor-spacer\">\n\t\t\t<div class=\"elementor-spacer-inner\"><\/div>\n\t\t<\/div>\n\t\t\t\t\t\t<\/div>\n\t\t\t\t\t<\/div>\n\t\t\t\t<\/div>\n\t\t<div class=\"elementor-element elementor-element-540b2ac e-grid e-con-boxed wpr-particle-no wpr-jarallax-no wpr-parallax-no wpr-sticky-section-no wpr-equal-height-no e-con e-parent\" data-id=\"540b2ac\" data-element_type=\"container\" data-e-type=\"container\">\n\t\t\t\t\t<div class=\"e-con-inner\">\n\t\t\t\t<div class=\"elementor-element elementor-element-5cc1b51 elementor-widget elementor-widget-image\" data-id=\"5cc1b51\" data-element_type=\"widget\" data-e-type=\"widget\" data-widget_type=\"image.default\">\n\t\t\t\t\t\t\t\t\t\t\t\t\t\t\t<img decoding=\"async\" width=\"328\" height=\"159\" src=\"https:\/\/www.petitescreches.fr\/wp-content\/uploads\/2026\/04\/entreprises-parents.png\" class=\"attachment-large size-large wp-image-1284\" alt=\"\" srcset=\"https:\/\/www.petitescreches.fr\/wp-content\/uploads\/2026\/04\/entreprises-parents.png 328w, https:\/\/www.petitescreches.fr\/wp-content\/uploads\/2026\/04\/entreprises-parents-300x145.png 300w\" sizes=\"(max-width: 328px) 100vw, 328px\" \/>\t\t\t\t\t\t\t\t\t\t\t\t\t\t\t<\/div>\n\t\t\t\t<div class=\"elementor-element elementor-element-14c4b66 elementor-widget elementor-widget-image\" data-id=\"14c4b66\" data-element_type=\"widget\" data-e-type=\"widget\" data-widget_type=\"image.default\">\n\t\t\t\t\t\t\t\t\t\t\t\t\t\t\t<img decoding=\"async\" width=\"310\" height=\"166\" src=\"https:\/\/www.petitescreches.fr\/wp-content\/uploads\/2026\/04\/entreprises-familles.png\" class=\"attachment-large size-large wp-image-1283\" alt=\"\" srcset=\"https:\/\/www.petitescreches.fr\/wp-content\/uploads\/2026\/04\/entreprises-familles.png 310w, https:\/\/www.petitescreches.fr\/wp-content\/uploads\/2026\/04\/entreprises-familles-300x161.png 300w\" sizes=\"(max-width: 310px) 100vw, 310px\" \/>\t\t\t\t\t\t\t\t\t\t\t\t\t\t\t<\/div>\n\t\t\t\t<div class=\"elementor-element elementor-element-a3e4cdb elementor-widget elementor-widget-image\" data-id=\"a3e4cdb\" data-element_type=\"widget\" data-e-type=\"widget\" data-widget_type=\"image.default\">\n\t\t\t\t\t\t\t\t\t\t\t\t\t\t\t<img loading=\"lazy\" decoding=\"async\" width=\"198\" height=\"191\" src=\"https:\/\/www.petitescreches.fr\/wp-content\/uploads\/2026\/04\/entreprises-salaries.png\" class=\"attachment-full size-full wp-image-1282\" alt=\"\" \/>\t\t\t\t\t\t\t\t\t\t\t\t\t\t\t<\/div>\n\t\t\t\t<div class=\"elementor-element elementor-element-843e233 elementor-widget elementor-widget-heading\" data-id=\"843e233\" data-element_type=\"widget\" data-e-type=\"widget\" data-widget_type=\"heading.default\">\n\t\t\t\t\t<h2 class=\"elementor-heading-title elementor-size-default\">97%<\/h2>\t\t\t\t<\/div>\n\t\t\t\t<div class=\"elementor-element elementor-element-c159995 elementor-widget elementor-widget-heading\" data-id=\"c159995\" data-element_type=\"widget\" data-e-type=\"widget\" data-widget_type=\"heading.default\">\n\t\t\t\t\t<h2 class=\"elementor-heading-title elementor-size-default\">70%<\/h2>\t\t\t\t<\/div>\n\t\t\t\t<div class=\"elementor-element elementor-element-9d2ffb6 elementor-widget elementor-widget-heading\" data-id=\"9d2ffb6\" data-element_type=\"widget\" data-e-type=\"widget\" data-widget_type=\"heading.default\">\n\t\t\t\t\t<h2 class=\"elementor-heading-title elementor-size-default\">53%<\/h2>\t\t\t\t<\/div>\n\t\t\t\t<div class=\"elementor-element elementor-element-fe16ec3 elementor-widget elementor-widget-text-editor\" data-id=\"fe16ec3\" data-element_type=\"widget\" data-e-type=\"widget\" data-widget_type=\"text-editor.default\">\n\t\t\t\t\t\t\t\t\t<p>Des salari\u00e9s-parents estiment que l\u2019\u00e9quilibre entre vie professionnelle et vie familiale constitue un sujet de pr\u00e9occupation majeur.<\/p>\t\t\t\t\t\t\t\t<\/div>\n\t\t\t\t<div class=\"elementor-element elementor-element-b7b91f1 elementor-widget elementor-widget-text-editor\" data-id=\"b7b91f1\" data-element_type=\"widget\" data-e-type=\"widget\" data-widget_type=\"text-editor.default\">\n\t\t\t\t\t\t\t\t\t<p>Des familles habitant Paris et RP souhaitent une place de cr\u00e8che.<\/p>\t\t\t\t\t\t\t\t<\/div>\n\t\t\t\t<div class=\"elementor-element elementor-element-65d65cd elementor-widget elementor-widget-text-editor\" data-id=\"65d65cd\" data-element_type=\"widget\" data-e-type=\"widget\" data-widget_type=\"text-editor.default\">\n\t\t\t\t\t\t\t\t\t<p>Des salari\u00e9s ayant au moins un enfant \u00e2g\u00e9 de moins de 3 ans choisissent en priorit\u00e9 les cr\u00e8ches d\u2019entreprise comme service \u00e0 mettre en place pour mieux concilier vie professionnelle et vie familiale.<\/p>\t\t\t\t\t\t\t\t<\/div>\n\t\t\t\t\t<\/div>\n\t\t\t\t<\/div>\n\t\t<div class=\"elementor-element elementor-element-220775d e-flex e-con-boxed wpr-particle-no wpr-jarallax-no wpr-parallax-no wpr-sticky-section-no wpr-equal-height-no e-con e-parent\" data-id=\"220775d\" data-element_type=\"container\" data-e-type=\"container\">\n\t\t\t\t\t<div class=\"e-con-inner\">\n\t\t\t\t<div class=\"elementor-element elementor-element-b29340c elementor-widget elementor-widget-text-editor\" data-id=\"b29340c\" data-element_type=\"widget\" data-e-type=\"widget\" data-widget_type=\"text-editor.default\">\n\t\t\t\t\t\t\t\t\t<p>Sources : Barom\u00e8tre conciliation entre vie professionnelle et vie familiale de l\u2019OPE<\/p>\t\t\t\t\t\t\t\t<\/div>\n\t\t\t\t<div class=\"elementor-element elementor-element-9f49555 elementor-widget elementor-widget-heading\" data-id=\"9f49555\" data-element_type=\"widget\" data-e-type=\"widget\" data-widget_type=\"heading.default\">\n\t\t\t\t\t<h2 class=\"elementor-heading-title elementor-size-default\">Prix de revient r\u00e9duit pour l'entreprise<\/h2>\t\t\t\t<\/div>\n\t\t\t\t\t<\/div>\n\t\t\t\t<\/div>\n\t\t<div class=\"elementor-element elementor-element-4a38e6b e-flex e-con-boxed wpr-particle-no wpr-jarallax-no wpr-parallax-no wpr-sticky-section-no wpr-equal-height-no e-con e-parent\" data-id=\"4a38e6b\" data-element_type=\"container\" data-e-type=\"container\">\n\t\t\t\t\t<div class=\"e-con-inner\">\n\t\t<div class=\"elementor-element elementor-element-6a61ba5 e-con-full e-flex wpr-particle-no wpr-jarallax-no wpr-parallax-no wpr-sticky-section-no wpr-equal-height-no e-con e-child\" data-id=\"6a61ba5\" data-element_type=\"container\" data-e-type=\"container\">\n\t\t\t\t<div class=\"elementor-element elementor-element-cf96da1 elementor-widget elementor-widget-image\" data-id=\"cf96da1\" data-element_type=\"widget\" data-e-type=\"widget\" data-widget_type=\"image.default\">\n\t\t\t\t\t\t\t\t\t\t\t\t\t\t\t<img loading=\"lazy\" decoding=\"async\" width=\"764\" height=\"478\" src=\"https:\/\/www.petitescreches.fr\/wp-content\/uploads\/2026\/04\/entreprises-graphique.jpg\" class=\"attachment-large size-large wp-image-1320\" alt=\"\" srcset=\"https:\/\/www.petitescreches.fr\/wp-content\/uploads\/2026\/04\/entreprises-graphique.jpg 764w, https:\/\/www.petitescreches.fr\/wp-content\/uploads\/2026\/04\/entreprises-graphique-300x188.jpg 300w\" sizes=\"(max-width: 764px) 100vw, 764px\" \/>\t\t\t\t\t\t\t\t\t\t\t\t\t\t\t<\/div>\n\t\t\t\t<\/div>\n\t\t<div class=\"elementor-element elementor-element-b67a04e e-con-full e-flex wpr-particle-no wpr-jarallax-no wpr-parallax-no wpr-sticky-section-no wpr-equal-height-no e-con e-child\" data-id=\"b67a04e\" data-element_type=\"container\" data-e-type=\"container\">\n\t\t\t\t<div class=\"elementor-element elementor-element-ed5f9d3 elementor-widget elementor-widget-heading\" data-id=\"ed5f9d3\" data-element_type=\"widget\" data-e-type=\"widget\" data-widget_type=\"heading.default\">\n\t\t\t\t\t<h2 class=\"elementor-heading-title elementor-size-default\">50%<\/h2>\t\t\t\t<\/div>\n\t\t\t\t<div class=\"elementor-element elementor-element-c20e9eb elementor-widget elementor-widget-text-editor\" data-id=\"c20e9eb\" data-element_type=\"widget\" data-e-type=\"widget\" data-widget_type=\"text-editor.default\">\n\t\t\t\t\t\t\t\t\t<p>De r\u00e9duction au titre du cr\u00e9dit d\u2019impots<\/p>\t\t\t\t\t\t\t\t<\/div>\n\t\t\t\t<div class=\"elementor-element elementor-element-899b6b9 elementor-widget elementor-widget-heading\" data-id=\"899b6b9\" data-element_type=\"widget\" data-e-type=\"widget\" data-widget_type=\"heading.default\">\n\t\t\t\t\t<h2 class=\"elementor-heading-title elementor-size-default\">33%<\/h2>\t\t\t\t<\/div>\n\t\t\t\t<div class=\"elementor-element elementor-element-1b63273 elementor-widget elementor-widget-text-editor\" data-id=\"1b63273\" data-element_type=\"widget\" data-e-type=\"widget\" data-widget_type=\"text-editor.default\">\n\t\t\t\t\t\t\t\t\t<p>De r\u00e9duction suppl\u00e9mentaire sur l\u2019 I.S.<\/p>\t\t\t\t\t\t\t\t<\/div>\n\t\t\t\t<div class=\"elementor-element elementor-element-08bd1ca elementor-widget elementor-widget-heading\" data-id=\"08bd1ca\" data-element_type=\"widget\" data-e-type=\"widget\" data-widget_type=\"heading.default\">\n\t\t\t\t\t<h2 class=\"elementor-heading-title elementor-size-default\">83%<\/h2>\t\t\t\t<\/div>\n\t\t\t\t<div class=\"elementor-element elementor-element-5d5a5fb elementor-widget elementor-widget-text-editor\" data-id=\"5d5a5fb\" data-element_type=\"widget\" data-e-type=\"widget\" data-widget_type=\"text-editor.default\">\n\t\t\t\t\t\t\t\t\t<p>D\u2019avantages fiscaux au total<\/p>\t\t\t\t\t\t\t\t<\/div>\n\t\t\t\t<\/div>\n\t\t\t\t\t<\/div>\n\t\t\t\t<\/div>\n\t\t<div class=\"elementor-element elementor-element-ddc487c e-flex e-con-boxed wpr-particle-no wpr-jarallax-no wpr-parallax-no wpr-sticky-section-no wpr-equal-height-no e-con e-parent\" data-id=\"ddc487c\" data-element_type=\"container\" data-e-type=\"container\">\n\t\t\t\t\t<div class=\"e-con-inner\">\n\t\t\t\t<div class=\"elementor-element elementor-element-30606b3 elementor-widget elementor-widget-text-editor\" data-id=\"30606b3\" data-element_type=\"widget\" data-e-type=\"widget\" data-widget_type=\"text-editor.default\">\n\t\t\t\t\t\t\t\t\t<p>La r\u00e9servation d\u2019une place de cr\u00e8che pour un salari\u00e9 est d\u00e9ductible \u00e0 83% pour toutes les entreprises.<br \/>Le cr\u00e9dit d\u2019imp\u00f4t famille (CIF) permet de d\u00e9duire 50% des d\u00e9penses li\u00e9es \u00e0 la r\u00e9servation de places en cr\u00e8ches pour les salari\u00e9s.<br \/>En plus du CIF, la d\u00e9pense li\u00e9e \u00e0 la r\u00e9servation de places en cr\u00e8ches reste une charge enti\u00e8rement d\u00e9ductible du r\u00e9sultat de la soci\u00e9t\u00e9.<\/p>\t\t\t\t\t\t\t\t<\/div>\n\t\t\t\t<div class=\"elementor-element elementor-element-15d1238 elementor-widget elementor-widget-text-editor\" data-id=\"15d1238\" data-element_type=\"widget\" data-e-type=\"widget\" data-widget_type=\"text-editor.default\">\n\t\t\t\t\t\t\t\t\t<p><strong>Pour toute informations suppl\u00e9mentaires, contactez-nous au 01 46 47 88 20.<\/strong><\/p>\t\t\t\t\t\t\t\t<\/div>\n\t\t\t\t<div class=\"elementor-element elementor-element-1087ae6 elementor-align-center elementor-widget elementor-widget-button\" data-id=\"1087ae6\" data-element_type=\"widget\" data-e-type=\"widget\" data-widget_type=\"button.default\">\n\t\t\t\t\t\t\t\t\t\t<a class=\"elementor-button elementor-button-link elementor-size-sm\" href=\"https:\/\/www.petitescreches.fr\/index.php\/pre-inscription\/\">\n\t\t\t\t\t\t<span class=\"elementor-button-content-wrapper\">\n\t\t\t\t\t\t\t\t\t<span class=\"elementor-button-text\">PRE-INSCRIPTIONS<\/span>\n\t\t\t\t\t<\/span>\n\t\t\t\t\t<\/a>\n\t\t\t\t\t\t\t\t<\/div>\n\t\t\t\t\t<\/div>\n\t\t\t\t<\/div>\n\t\t\t\t<\/div>\n\t\t","protected":false},"excerpt":{"rendered":"<p>Entreprises Nous vous proposons des cr\u00e8ches \u00e0 proximit\u00e9 du domicile des parents ou du lieu de travail. Chacune de nos cr\u00e8ches est un espace d\u2019accueil s\u00e9curisant, calme et ludique.Nos cr\u00e8ches sont ouvertes toute l\u2019ann\u00e9e, du lundi au vendredi de 8h \u00e0 19h30, afin de s\u2019adapter aux contraintes des parents. Nous vous accompagnons dans la mise en place de ce projet et sa gestion pour r\u00e9pondre au mieux \u00e0 votre besoin. Proposer des places \u00e0 vos salari\u00e9s valorise votre engagement social et constitue pour les salari\u00e9s-parent une source de motivation et de fid\u00e9lisation en contribuant \u00e0 une meilleure conciliation vie professionnelle-vie familiale. PRE-INSCRIPTIONS L\u2019attachement d\u2019un salari\u00e9 envers son entreprise est diff\u00e9rent si celle-ci l\u2019accompagne dans son projet de famille. Nous offrons une solution essentielle qui permet d\u2019\u00e9viter une rupture entre le salari\u00e9 et son employeur et qui contribue \u00e0 son \u00e9panouissement \u00e0 moindre co\u00fbt. Vos avantages Les avantages pour vos salari\u00e9s Fid\u00e9liser vos salari\u00e9s Diminution du turn over et de l\u2019absent\u00e9isme Valoriser votre engagement social Contribuer \u00e0 l\u2019am\u00e9lioration de la qualit\u00e9 de vie au travail de vos salari\u00e9s Aider vos salari\u00e9s \u00e0 concilier vie priv\u00e9e et vie personnelle Faciliter le retour de cong\u00e9 maternit\u00e9 Faciliter l\u2019acc\u00e8s \u00e0 la cr\u00e8che 97% 70% 53% Des salari\u00e9s-parents estiment que l\u2019\u00e9quilibre entre vie professionnelle et vie familiale constitue un sujet de pr\u00e9occupation majeur. Des familles habitant Paris et RP souhaitent une place de cr\u00e8che. Des salari\u00e9s ayant au moins un enfant \u00e2g\u00e9 de moins de 3 ans choisissent en priorit\u00e9 les cr\u00e8ches d\u2019entreprise comme service \u00e0 mettre en place pour mieux concilier vie professionnelle et vie familiale. Sources : Barom\u00e8tre conciliation entre vie professionnelle et vie familiale de l\u2019OPE Prix de revient r\u00e9duit pour l&rsquo;entreprise 50% De r\u00e9duction au titre du cr\u00e9dit d\u2019impots 33% De r\u00e9duction suppl\u00e9mentaire sur l\u2019 I.S. 83% D\u2019avantages fiscaux au total La r\u00e9servation d\u2019une place de cr\u00e8che pour un salari\u00e9 est d\u00e9ductible \u00e0 83% pour toutes les entreprises.Le cr\u00e9dit d\u2019imp\u00f4t famille (CIF) permet de d\u00e9duire 50% des d\u00e9penses li\u00e9es \u00e0 la r\u00e9servation de places en cr\u00e8ches pour les salari\u00e9s.En plus du CIF, la d\u00e9pense li\u00e9e \u00e0 la r\u00e9servation de places en cr\u00e8ches reste une charge enti\u00e8rement d\u00e9ductible du r\u00e9sultat de la soci\u00e9t\u00e9. Pour toute informations suppl\u00e9mentaires, contactez-nous au 01 46 47 88 20. PRE-INSCRIPTIONS<\/p>\n","protected":false},"author":1,"featured_media":0,"parent":0,"menu_order":0,"comment_status":"closed","ping_status":"closed","template":"elementor_header_footer","meta":{"footnotes":""},"class_list":["post-1222","page","type-page","status-publish","hentry"],"_links":{"self":[{"href":"https:\/\/www.petitescreches.fr\/index.php\/wp-json\/wp\/v2\/pages\/1222","targetHints":{"allow":["GET"]}}],"collection":[{"href":"https:\/\/www.petitescreches.fr\/index.php\/wp-json\/wp\/v2\/pages"}],"about":[{"href":"https:\/\/www.petitescreches.fr\/index.php\/wp-json\/wp\/v2\/types\/page"}],"author":[{"embeddable":true,"href":"https:\/\/www.petitescreches.fr\/index.php\/wp-json\/wp\/v2\/users\/1"}],"replies":[{"embeddable":true,"href":"https:\/\/www.petitescreches.fr\/index.php\/wp-json\/wp\/v2\/comments?post=1222"}],"version-history":[{"count":64,"href":"https:\/\/www.petitescreches.fr\/index.php\/wp-json\/wp\/v2\/pages\/1222\/revisions"}],"predecessor-version":[{"id":1335,"href":"https:\/\/www.petitescreches.fr\/index.php\/wp-json\/wp\/v2\/pages\/1222\/revisions\/1335"}],"wp:attachment":[{"href":"https:\/\/www.petitescreches.fr\/index.php\/wp-json\/wp\/v2\/media?parent=1222"}],"curies":[{"name":"wp","href":"https:\/\/api.w.org\/{rel}","templated":true}]}}