{"id":1231,"date":"2026-04-18T10:20:09","date_gmt":"2026-04-18T09:20:09","guid":{"rendered":"http:\/\/cabineb.cluster100.hosting.ovh.net\/4enfants\/?page_id=1231"},"modified":"2026-04-23T14:38:53","modified_gmt":"2026-04-23T13:38:53","slug":"recrutement","status":"publish","type":"page","link":"https:\/\/www.petitescreches.fr\/index.php\/recrutement\/","title":{"rendered":"Recrutement"},"content":{"rendered":"\t\t<div data-elementor-type=\"wp-page\" data-elementor-id=\"1231\" class=\"elementor elementor-1231\" data-elementor-post-type=\"page\">\n\t\t\t\t<div class=\"elementor-element elementor-element-7a688f5 e-flex e-con-boxed wpr-particle-no wpr-jarallax-no wpr-parallax-no wpr-sticky-section-no wpr-equal-height-no e-con e-parent\" data-id=\"7a688f5\" data-element_type=\"container\" data-e-type=\"container\" data-settings=\"{&quot;background_background&quot;:&quot;classic&quot;}\">\n\t\t\t\t\t<div class=\"e-con-inner\">\n\t\t\t\t<div class=\"elementor-element elementor-element-0eed611 elementor-widget elementor-widget-heading\" data-id=\"0eed611\" data-element_type=\"widget\" data-e-type=\"widget\" data-widget_type=\"heading.default\">\n\t\t\t\t\t<h1 class=\"elementor-heading-title elementor-size-default\">Recrutement<\/h1>\t\t\t\t<\/div>\n\t\t\t\t\t<\/div>\n\t\t\t\t<\/div>\n\t\t<div class=\"elementor-element elementor-element-bb0c2e2 e-flex e-con-boxed wpr-particle-no wpr-jarallax-no wpr-parallax-no wpr-sticky-section-no wpr-equal-height-no e-con e-parent\" data-id=\"bb0c2e2\" data-element_type=\"container\" data-e-type=\"container\">\n\t\t\t\t\t<div class=\"e-con-inner\">\n\t\t\t\t<div class=\"elementor-element elementor-element-bd603a4 elementor-widget elementor-widget-text-editor\" data-id=\"bd603a4\" data-element_type=\"widget\" data-e-type=\"widget\" data-widget_type=\"text-editor.default\">\n\t\t\t\t\t\t\t\t\t<h4>Candidatures spontan\u00e9es<\/h4><p>Les Petites Cr\u00e8ches recrutent des \u00e9ducatrices de jeunes enfants, des auxiliaires de pu\u00e9riculture et des CAP Petites enfances.<\/p><p>N\u2019h\u00e9sitez pas \u00e0 consulter nos offres ci-dessous et sur <a href=\"https:\/\/www.linkedin.com\/company\/les-petites-cr%C3%A8ches\/about\/\">LinkedIn<\/a>, et faites nous parvenir votre CV et lettre de motivation. Nous acceptons \u00e9galement les candidatures spontan\u00e9es.<\/p><h4>Liste des offres<\/h4><p>\u00c9ducateur \/ \u00c9ducatrice de jeunes enfants<\/p><p>Directeur \u00c9ducateur de jeunes Enfants H\/F<\/p><p>La soci\u00e9t\u00e9 Les Petites Cr\u00e8ches, acteur parisien de la petite enfance reconnu depuis 2010, recrute un(e) Directrice Educatrice de jeunes Enfants pour contribuer \u00e0 l&rsquo;\u00e9laboration du projet p\u00e9dagogique et \u00e0 sa mise en \u0153uvre par les professionnels d&rsquo;un \u00e9tablissement de cr\u00e8che situ\u00e9 \u00e0 Paris 11.<\/p><p>En tant qu&rsquo;\u00e9ducatrice\/ \u00e9ducateur de jeunes enfants vous impulsez une dynamique de travail, mettez en valeur les comp\u00e9tences individuelles et vous accompagnez l&rsquo;\u00e9quipe pour garantir des pratiques harmonieuses autour de l&rsquo;enfant.<\/p><p>Comme manager de votre cr\u00e8che, vous serez \u00e0 l\u2019\u00e9coute des enfants, des familles et de votre \u00e9quipe, et serez garant du bon fonctionnement de votre structure.<\/p><p>Votre mission p\u00e9dagogique :<\/p><ul><li>Favoriser le lien de confiance du trio \u00e9quipe, enfants, famille<\/li><li>Transmettre et faire vivre votre projet p\u00e9dagogique et la Mission Educative du Groupe<\/li><li>Participer \u00e0 la dynamique de secteur (partage de bonnes pratiques, lien avec les partenaires locaux&#8230;).<\/li><\/ul><p>Votre Mission avec votre \u00e9quipe :<\/p><ul><li>Impulser, animer et soutenir la dynamique de l&rsquo;\u00e9quipe<\/li><li>Accueillir chaque professionnel avec bienveillance et veiller \u00e0 sa bonne int\u00e9gration dans le groupe<\/li><li>Apporter votre soutien par un temps de pr\u00e9sence terrain important<\/li><li>Garantir et contr\u00f4ler l&rsquo;application des proc\u00e9dures d&rsquo;hygi\u00e8ne et de s\u00e9curit\u00e9 (registre de s\u00e9curit\u00e9, plan de nettoyage, protocole m\u00e9dical\u2026)<\/li><\/ul><p>Votre mission aupr\u00e8s des enfants :<\/p><ul><li>proposer un accueil individualis\u00e9<\/li><li>assurer un cadre s\u00e9curisant<\/li><li>favoriser l\u2019\u00e9veil et la socialisation<\/li><\/ul><p>\u00a0<\/p><h4>Soumettre votre candidature<\/h4>\t\t\t\t\t\t\t\t<\/div>\n\t\t\t\t\t<\/div>\n\t\t\t\t<\/div>\n\t\t<div class=\"elementor-element elementor-element-25e64a5 e-flex e-con-boxed wpr-particle-no wpr-jarallax-no wpr-parallax-no wpr-sticky-section-no wpr-equal-height-no e-con e-parent\" data-id=\"25e64a5\" data-element_type=\"container\" data-e-type=\"container\">\n\t\t\t\t\t<div class=\"e-con-inner\">\n\t\t\t\t<div class=\"elementor-element elementor-element-51cef92 elementor-button-align-start elementor-widget elementor-widget-form\" data-id=\"51cef92\" data-element_type=\"widget\" data-e-type=\"widget\" data-settings=\"{&quot;step_next_label&quot;:&quot;Suivant&quot;,&quot;step_previous_label&quot;:&quot;Pr\\u00e9c\\u00e9dent&quot;,&quot;button_width&quot;:&quot;100&quot;,&quot;step_type&quot;:&quot;number_text&quot;,&quot;step_icon_shape&quot;:&quot;circle&quot;}\" data-widget_type=\"form.default\">\n\t\t\t\t\t\t\t<form class=\"elementor-form\" method=\"post\" name=\"Nouveau formulaire\" aria-label=\"Nouveau formulaire\">\n\t\t\t<input type=\"hidden\" name=\"post_id\" value=\"1231\"\/>\n\t\t\t<input type=\"hidden\" name=\"form_id\" value=\"51cef92\"\/>\n\t\t\t<input type=\"hidden\" name=\"referer_title\" value=\"Recrutement\" \/>\n\n\t\t\t\t\t\t\t<input type=\"hidden\" name=\"queried_id\" value=\"1231\"\/>\n\t\t\t\n\t\t\t<div class=\"elementor-form-fields-wrapper elementor-labels-above\">\n\t\t\t\t\t\t\t\t<div class=\"elementor-field-type-select elementor-field-group elementor-column elementor-field-group-VousEtes elementor-col-33 elementor-field-required elementor-mark-required\">\n\t\t\t\t\t\t\t\t\t\t\t\t<label for=\"form-field-VousEtes\" class=\"elementor-field-label\">\n\t\t\t\t\t\t\t\tCandidature\t\t\t\t\t\t\t<\/label>\n\t\t\t\t\t\t\t\t<div class=\"elementor-field elementor-select-wrapper remove-before \">\n\t\t\t<div class=\"select-caret-down-wrapper\">\n\t\t\t\t<svg aria-hidden=\"true\" class=\"e-font-icon-svg e-eicon-caret-down\" viewBox=\"0 0 571.4 571.4\" xmlns=\"http:\/\/www.w3.org\/2000\/svg\"><path d=\"M571 393Q571 407 561 418L311 668Q300 679 286 679T261 668L11 418Q0 407 0 393T11 368 36 357H536Q550 357 561 368T571 393Z\"><\/path><\/svg>\t\t\t<\/div>\n\t\t\t<select name=\"form_fields[VousEtes]\" id=\"form-field-VousEtes\" class=\"elementor-field-textual elementor-size-sm\" required=\"required\">\n\t\t\t\t\t\t\t\t\t<option value=\"Candidature spontan\u00e9e\">Candidature spontan\u00e9e<\/option>\n\t\t\t\t\t\t\t\t\t<option value=\"\u00c9ducateur \/ \u00c9ducatrice de jeunes enfants\">\u00c9ducateur \/ \u00c9ducatrice de jeunes enfants<\/option>\n\t\t\t\t\t\t\t<\/select>\n\t\t<\/div>\n\t\t\t\t\t\t<\/div>\n\t\t\t\t\t\t\t\t<div class=\"elementor-field-type-text elementor-field-group elementor-column elementor-field-group-Nom elementor-col-33 elementor-field-required elementor-mark-required\">\n\t\t\t\t\t\t\t\t\t\t\t\t<label for=\"form-field-Nom\" class=\"elementor-field-label\">\n\t\t\t\t\t\t\t\tNom\t\t\t\t\t\t\t<\/label>\n\t\t\t\t\t\t\t\t\t\t\t\t\t\t<input size=\"1\" type=\"text\" name=\"form_fields[Nom]\" id=\"form-field-Nom\" class=\"elementor-field elementor-size-sm  elementor-field-textual\" placeholder=\"Nom\" required=\"required\">\n\t\t\t\t\t\t\t\t\t\t\t<\/div>\n\t\t\t\t\t\t\t\t<div class=\"elementor-field-type-text elementor-field-group elementor-column elementor-field-group-Prenom elementor-col-33 elementor-field-required elementor-mark-required\">\n\t\t\t\t\t\t\t\t\t\t\t\t<label for=\"form-field-Prenom\" class=\"elementor-field-label\">\n\t\t\t\t\t\t\t\tPr\u00e9nom\t\t\t\t\t\t\t<\/label>\n\t\t\t\t\t\t\t\t\t\t\t\t\t\t<input size=\"1\" type=\"text\" name=\"form_fields[Prenom]\" id=\"form-field-Prenom\" class=\"elementor-field elementor-size-sm  elementor-field-textual\" placeholder=\"Pr\u00e9nom\" required=\"required\">\n\t\t\t\t\t\t\t\t\t\t\t<\/div>\n\t\t\t\t\t\t\t\t<div class=\"elementor-field-type-email elementor-field-group elementor-column elementor-field-group-email elementor-col-33 elementor-field-required elementor-mark-required\">\n\t\t\t\t\t\t\t\t\t\t\t\t<label for=\"form-field-email\" class=\"elementor-field-label\">\n\t\t\t\t\t\t\t\tE-mail\t\t\t\t\t\t\t<\/label>\n\t\t\t\t\t\t\t\t\t\t\t\t\t\t<input size=\"1\" type=\"email\" name=\"form_fields[email]\" id=\"form-field-email\" class=\"elementor-field elementor-size-sm  elementor-field-textual\" placeholder=\"E-mail\" required=\"required\">\n\t\t\t\t\t\t\t\t\t\t\t<\/div>\n\t\t\t\t\t\t\t\t<div class=\"elementor-field-type-text elementor-field-group elementor-column elementor-field-group-field_0bd79e3 elementor-col-33\">\n\t\t\t\t\t\t\t\t\t\t\t\t<label for=\"form-field-field_0bd79e3\" class=\"elementor-field-label\">\n\t\t\t\t\t\t\t\tT\u00e9l\u00e9phone\t\t\t\t\t\t\t<\/label>\n\t\t\t\t\t\t\t\t\t\t\t\t\t\t<input size=\"1\" type=\"text\" name=\"form_fields[field_0bd79e3]\" id=\"form-field-field_0bd79e3\" class=\"elementor-field elementor-size-sm  elementor-field-textual\" placeholder=\"T\u00e9l\u00e9phone\">\n\t\t\t\t\t\t\t\t\t\t\t<\/div>\n\t\t\t\t\t\t\t\t<div class=\"elementor-field-type-upload elementor-field-group elementor-column elementor-field-group-field_e6374de elementor-col-100 elementor-field-required elementor-mark-required\">\n\t\t\t\t\t\t\t\t\t\t\t\t<label for=\"form-field-field_e6374de\" class=\"elementor-field-label\">\n\t\t\t\t\t\t\t\tCV\t\t\t\t\t\t\t<\/label>\n\t\t\t\t\t\t\t\t<input type=\"file\" name=\"form_fields[field_e6374de]\" id=\"form-field-field_e6374de\" class=\"elementor-field elementor-size-sm  elementor-upload-field\" required=\"required\">\n\n\t\t\t\t\t\t<\/div>\n\t\t\t\t\t\t\t\t<div class=\"elementor-field-type-upload elementor-field-group elementor-column elementor-field-group-field_f6b2bb4 elementor-col-100 elementor-field-required elementor-mark-required\">\n\t\t\t\t\t\t\t\t\t\t\t\t<label for=\"form-field-field_f6b2bb4\" class=\"elementor-field-label\">\n\t\t\t\t\t\t\t\tLettre de motivation\t\t\t\t\t\t\t<\/label>\n\t\t\t\t\t\t\t\t<input type=\"file\" name=\"form_fields[field_f6b2bb4]\" id=\"form-field-field_f6b2bb4\" class=\"elementor-field elementor-size-sm  elementor-upload-field\" required=\"required\">\n\n\t\t\t\t\t\t<\/div>\n\t\t\t\t\t\t\t\t<div class=\"elementor-field-type-textarea elementor-field-group elementor-column elementor-field-group-message elementor-col-100 elementor-field-required elementor-mark-required\">\n\t\t\t\t\t\t\t\t\t\t\t\t<label for=\"form-field-message\" class=\"elementor-field-label\">\n\t\t\t\t\t\t\t\tMessage\t\t\t\t\t\t\t<\/label>\n\t\t\t\t\t\t<textarea class=\"elementor-field-textual elementor-field  elementor-size-sm\" name=\"form_fields[message]\" id=\"form-field-message\" rows=\"4\" placeholder=\"Message\" required=\"required\"><\/textarea>\t\t\t\t<\/div>\n\t\t\t\t\t\t\t\t<div class=\"elementor-field-group elementor-column elementor-field-type-submit elementor-col-100 e-form__buttons\">\n\t\t\t\t\t<button class=\"elementor-button elementor-size-sm\" type=\"submit\">\n\t\t\t\t\t\t<span class=\"elementor-button-content-wrapper\">\n\t\t\t\t\t\t\t\t\t\t\t\t\t\t\t\t\t\t\t\t\t\t<span class=\"elementor-button-text\">Envoyer<\/span>\n\t\t\t\t\t\t\t\t\t\t\t\t\t<\/span>\n\t\t\t\t\t<\/button>\n\t\t\t\t<\/div>\n\t\t\t<\/div>\n\t\t<\/form>\n\t\t\t\t\t\t<\/div>\n\t\t\t\t\t<\/div>\n\t\t\t\t<\/div>\n\t\t\t\t<\/div>\n\t\t","protected":false},"excerpt":{"rendered":"<p>Recrutement Candidatures spontan\u00e9es Les Petites Cr\u00e8ches recrutent des \u00e9ducatrices de jeunes enfants, des auxiliaires de pu\u00e9riculture et des CAP Petites enfances. N\u2019h\u00e9sitez pas \u00e0 consulter nos offres ci-dessous et sur LinkedIn, et faites nous parvenir votre CV et lettre de motivation. Nous acceptons \u00e9galement les candidatures spontan\u00e9es. Liste des offres \u00c9ducateur \/ \u00c9ducatrice de jeunes enfants Directeur \u00c9ducateur de jeunes Enfants H\/F La soci\u00e9t\u00e9 Les Petites Cr\u00e8ches, acteur parisien de la petite enfance reconnu depuis 2010, recrute un(e) Directrice Educatrice de jeunes Enfants pour contribuer \u00e0 l&rsquo;\u00e9laboration du projet p\u00e9dagogique et \u00e0 sa mise en \u0153uvre par les professionnels d&rsquo;un \u00e9tablissement de cr\u00e8che situ\u00e9 \u00e0 Paris 11. En tant qu&rsquo;\u00e9ducatrice\/ \u00e9ducateur de jeunes enfants vous impulsez une dynamique de travail, mettez en valeur les comp\u00e9tences individuelles et vous accompagnez l&rsquo;\u00e9quipe pour garantir des pratiques harmonieuses autour de l&rsquo;enfant. Comme manager de votre cr\u00e8che, vous serez \u00e0 l\u2019\u00e9coute des enfants, des familles et de votre \u00e9quipe, et serez garant du bon fonctionnement de votre structure. Votre mission p\u00e9dagogique : Favoriser le lien de confiance du trio \u00e9quipe, enfants, famille Transmettre et faire vivre votre projet p\u00e9dagogique et la Mission Educative du Groupe Participer \u00e0 la dynamique de secteur (partage de bonnes pratiques, lien avec les partenaires locaux&#8230;). Votre Mission avec votre \u00e9quipe : Impulser, animer et soutenir la dynamique de l&rsquo;\u00e9quipe Accueillir chaque professionnel avec bienveillance et veiller \u00e0 sa bonne int\u00e9gration dans le groupe Apporter votre soutien par un temps de pr\u00e9sence terrain important Garantir et contr\u00f4ler l&rsquo;application des proc\u00e9dures d&rsquo;hygi\u00e8ne et de s\u00e9curit\u00e9 (registre de s\u00e9curit\u00e9, plan de nettoyage, protocole m\u00e9dical\u2026) Votre mission aupr\u00e8s des enfants : proposer un accueil individualis\u00e9 assurer un cadre s\u00e9curisant favoriser l\u2019\u00e9veil et la socialisation \u00a0 Soumettre votre candidature<\/p>\n","protected":false},"author":1,"featured_media":0,"parent":0,"menu_order":0,"comment_status":"closed","ping_status":"closed","template":"elementor_header_footer","meta":{"footnotes":""},"class_list":["post-1231","page","type-page","status-publish","hentry"],"_links":{"self":[{"href":"https:\/\/www.petitescreches.fr\/index.php\/wp-json\/wp\/v2\/pages\/1231","targetHints":{"allow":["GET"]}}],"collection":[{"href":"https:\/\/www.petitescreches.fr\/index.php\/wp-json\/wp\/v2\/pages"}],"about":[{"href":"https:\/\/www.petitescreches.fr\/index.php\/wp-json\/wp\/v2\/types\/page"}],"author":[{"embeddable":true,"href":"https:\/\/www.petitescreches.fr\/index.php\/wp-json\/wp\/v2\/users\/1"}],"replies":[{"embeddable":true,"href":"https:\/\/www.petitescreches.fr\/index.php\/wp-json\/wp\/v2\/comments?post=1231"}],"version-history":[{"count":25,"href":"https:\/\/www.petitescreches.fr\/index.php\/wp-json\/wp\/v2\/pages\/1231\/revisions"}],"predecessor-version":[{"id":1935,"href":"https:\/\/www.petitescreches.fr\/index.php\/wp-json\/wp\/v2\/pages\/1231\/revisions\/1935"}],"wp:attachment":[{"href":"https:\/\/www.petitescreches.fr\/index.php\/wp-json\/wp\/v2\/media?parent=1231"}],"curies":[{"name":"wp","href":"https:\/\/api.w.org\/{rel}","templated":true}]}}