{"id":1234,"date":"2026-04-18T10:20:52","date_gmt":"2026-04-18T09:20:52","guid":{"rendered":"http:\/\/cabineb.cluster100.hosting.ovh.net\/4enfants\/?page_id=1234"},"modified":"2026-04-20T16:10:52","modified_gmt":"2026-04-20T15:10:52","slug":"mentions-legales","status":"publish","type":"page","link":"https:\/\/www.petitescreches.fr\/index.php\/mentions-legales\/","title":{"rendered":"Mentions l\u00e9gales"},"content":{"rendered":"\t\t<div data-elementor-type=\"wp-page\" data-elementor-id=\"1234\" class=\"elementor elementor-1234\" data-elementor-post-type=\"page\">\n\t\t\t\t<div class=\"elementor-element elementor-element-9f14ca9 e-flex e-con-boxed wpr-particle-no wpr-jarallax-no wpr-parallax-no wpr-sticky-section-no wpr-equal-height-no e-con e-parent\" data-id=\"9f14ca9\" data-element_type=\"container\" data-e-type=\"container\" data-settings=\"{&quot;background_background&quot;:&quot;classic&quot;}\">\n\t\t\t\t\t<div class=\"e-con-inner\">\n\t\t\t\t<div class=\"elementor-element elementor-element-9c0bfdd elementor-widget elementor-widget-heading\" data-id=\"9c0bfdd\" data-element_type=\"widget\" data-e-type=\"widget\" data-widget_type=\"heading.default\">\n\t\t\t\t\t<h1 class=\"elementor-heading-title elementor-size-default\">Mentions l\u00e9gales<\/h1>\t\t\t\t<\/div>\n\t\t\t\t\t<\/div>\n\t\t\t\t<\/div>\n\t\t<div class=\"elementor-element elementor-element-a9ed6e4 e-flex e-con-boxed wpr-particle-no wpr-jarallax-no wpr-parallax-no wpr-sticky-section-no wpr-equal-height-no e-con e-parent\" data-id=\"a9ed6e4\" data-element_type=\"container\" data-e-type=\"container\">\n\t\t\t\t\t<div class=\"e-con-inner\">\n\t\t\t\t<div class=\"elementor-element elementor-element-89b2cf0 elementor-widget elementor-widget-text-editor\" data-id=\"89b2cf0\" data-element_type=\"widget\" data-e-type=\"widget\" data-widget_type=\"text-editor.default\">\n\t\t\t\t\t\t\t\t\t<p>Nous vous remercions de votre visite sur le site www.petitescreches.fr qui appartient \u00e0 \u201cles Petites Cr\u00e8ches\u201d SARL :<\/p><p><strong>Dirigeant<\/strong> : Andre-Julien CHARVET<\/p><p><strong>Si\u00e8ge social<\/strong> : 6-12 rue Raffet, 75016 Paris<br \/>T\u00e9l 01 46 47 88 20<br \/><a href=\"mailto:infos@petitescreches.com\">infos@petitescreches.com<\/a><br \/>www.petitescreches.fr<\/p><p>SARL au capital de 169000\u20ac \u2013 Siret : 514 851 583 R.C.S. Paris Si\u00e8ge : 6-12 rue Raffet 75016 Paris.<\/p><p>\u201cles Petites Cr\u00e8ches\u201d est une marque d\u00e9pos\u00e9e sous le n\u00b0 d\u2019identification national INPI-09 3 654 962<\/p><p>Exercice du droit d\u2019acc\u00e8s Conform\u00e9ment \u00e0 la loi n\u00b078-71 du 6 janvier 1978 relative \u00e0 l\u2019informatique, aux fichiers et aux libert\u00e9s, vous pouvez demander \u00e0 ce que les informations personnelles que vous aurez transmis par le biais de petitescreches.fr soient rectifi\u00e9es, compl\u00e9t\u00e9es, clarifi\u00e9es, mises \u00e0 jour ou supprim\u00e9es en \u00e9crivant \u00e0 : Andre-Julien CHARVET, 6-12 rue Raffet, 75016 Paris.<\/p><h4>Nous rejoindre<\/h4><p>Si vous souhaitez nous rejoindre, transmettez-nous votre cv et votre lettre de motivation \u00e0 <a href=\"mailto:recrutement@lespetitescreches.fr\">recrutement@lespetitescreches.fr<\/a>. Cliquez <a href=\"https:\/\/www.petitescreches.fr\/index.php\/recrutement\/\">ici<\/a> pour plus d\u2019informations sur le recrutement.<\/p>\t\t\t\t\t\t\t\t<\/div>\n\t\t\t\t\t<\/div>\n\t\t\t\t<\/div>\n\t\t\t\t<\/div>\n\t\t","protected":false},"excerpt":{"rendered":"<p>Mentions l\u00e9gales Nous vous remercions de votre visite sur le site www.petitescreches.fr qui appartient \u00e0 \u201cles Petites Cr\u00e8ches\u201d SARL : Dirigeant : Andre-Julien CHARVET Si\u00e8ge social : 6-12 rue Raffet, 75016 ParisT\u00e9l 01 46 47 88 20infos@petitescreches.comwww.petitescreches.fr SARL au capital de 169000\u20ac \u2013 Siret : 514 851 583 R.C.S. Paris Si\u00e8ge : 6-12 rue Raffet 75016 Paris. \u201cles Petites Cr\u00e8ches\u201d est une marque d\u00e9pos\u00e9e sous le n\u00b0 d\u2019identification national INPI-09 3 654 962 Exercice du droit d\u2019acc\u00e8s Conform\u00e9ment \u00e0 la loi n\u00b078-71 du 6 janvier 1978 relative \u00e0 l\u2019informatique, aux fichiers et aux libert\u00e9s, vous pouvez demander \u00e0 ce que les informations personnelles que vous aurez transmis par le biais de petitescreches.fr soient rectifi\u00e9es, compl\u00e9t\u00e9es, clarifi\u00e9es, mises \u00e0 jour ou supprim\u00e9es en \u00e9crivant \u00e0 : Andre-Julien CHARVET, 6-12 rue Raffet, 75016 Paris. Nous rejoindre Si vous souhaitez nous rejoindre, transmettez-nous votre cv et votre lettre de motivation \u00e0 recrutement@lespetitescreches.fr. Cliquez ici pour plus d\u2019informations sur le recrutement.<\/p>\n","protected":false},"author":1,"featured_media":0,"parent":0,"menu_order":0,"comment_status":"closed","ping_status":"closed","template":"elementor_header_footer","meta":{"footnotes":""},"class_list":["post-1234","page","type-page","status-publish","hentry"],"_links":{"self":[{"href":"https:\/\/www.petitescreches.fr\/index.php\/wp-json\/wp\/v2\/pages\/1234","targetHints":{"allow":["GET"]}}],"collection":[{"href":"https:\/\/www.petitescreches.fr\/index.php\/wp-json\/wp\/v2\/pages"}],"about":[{"href":"https:\/\/www.petitescreches.fr\/index.php\/wp-json\/wp\/v2\/types\/page"}],"author":[{"embeddable":true,"href":"https:\/\/www.petitescreches.fr\/index.php\/wp-json\/wp\/v2\/users\/1"}],"replies":[{"embeddable":true,"href":"https:\/\/www.petitescreches.fr\/index.php\/wp-json\/wp\/v2\/comments?post=1234"}],"version-history":[{"count":7,"href":"https:\/\/www.petitescreches.fr\/index.php\/wp-json\/wp\/v2\/pages\/1234\/revisions"}],"predecessor-version":[{"id":1625,"href":"https:\/\/www.petitescreches.fr\/index.php\/wp-json\/wp\/v2\/pages\/1234\/revisions\/1625"}],"wp:attachment":[{"href":"https:\/\/www.petitescreches.fr\/index.php\/wp-json\/wp\/v2\/media?parent=1234"}],"curies":[{"name":"wp","href":"https:\/\/api.w.org\/{rel}","templated":true}]}}