{"id":1418,"date":"2026-04-19T12:24:53","date_gmt":"2026-04-19T11:24:53","guid":{"rendered":"http:\/\/cabineb.cluster100.hosting.ovh.net\/4enfants\/?page_id=1418"},"modified":"2026-04-19T14:14:42","modified_gmt":"2026-04-19T13:14:42","slug":"les-petites-creches-yvette-75016","status":"publish","type":"page","link":"https:\/\/www.petitescreches.fr\/index.php\/nos-etablissements\/les-petites-creches-yvette-75016\/","title":{"rendered":"Les petites cr\u00e8ches Yvette 75016"},"content":{"rendered":"\t\t<div data-elementor-type=\"wp-page\" data-elementor-id=\"1418\" class=\"elementor elementor-1418\" data-elementor-post-type=\"page\">\n\t\t\t\t<div class=\"elementor-element elementor-element-fc945fc e-flex e-con-boxed wpr-particle-no wpr-jarallax-no wpr-parallax-no wpr-sticky-section-no wpr-equal-height-no e-con e-parent\" data-id=\"fc945fc\" data-element_type=\"container\" data-e-type=\"container\" data-settings=\"{&quot;background_background&quot;:&quot;classic&quot;}\">\n\t\t\t\t\t<div class=\"e-con-inner\">\n\t\t<div class=\"elementor-element elementor-element-1025443 e-con-full e-flex wpr-particle-no wpr-jarallax-no wpr-parallax-no wpr-sticky-section-no wpr-equal-height-no e-con e-child\" data-id=\"1025443\" data-element_type=\"container\" data-e-type=\"container\">\n\t\t\t\t<div class=\"elementor-element elementor-element-8bcb8ec elementor-widget elementor-widget-heading\" data-id=\"8bcb8ec\" data-element_type=\"widget\" data-e-type=\"widget\" data-widget_type=\"heading.default\">\n\t\t\t\t\t<h2 class=\"elementor-heading-title elementor-size-default\">Les petites cr\u00e8ches Yvette - 75016 Paris (16)<\/h2>\t\t\t\t<\/div>\n\t\t\t\t<div class=\"elementor-element elementor-element-eca4b71 elementor-widget elementor-widget-text-editor\" data-id=\"eca4b71\" data-element_type=\"widget\" data-e-type=\"widget\" data-widget_type=\"text-editor.default\">\n\t\t\t\t\t\t\t\t\t<p>Situ\u00e9e rue St-Didier \u00e0 deux pas des places Victor Hugo et de Mexico cette cr\u00e8che accueille les enfants dans un bel espace de 196m2 totalement r\u00e9nov\u00e9 et d\u2019un jardin de 130m2. Une \u00e9quipe de 11 professionnelles de la Petite Enfance sous la Direction p\u00e9dagogique d\u2019une Educatrice de jeune Enfants prendra soin d\u2019un groupe de 35 enfants accueillis en \u00e2ge m\u00e9lang\u00e9 avec une priorit\u00e9 donn\u00e9 aux activit\u00e9s en plein-air.<\/p>\t\t\t\t\t\t\t\t<\/div>\n\t\t\t\t<div class=\"elementor-element elementor-element-03912b4 elementor-align-left elementor-widget elementor-widget-button\" data-id=\"03912b4\" data-element_type=\"widget\" data-e-type=\"widget\" data-widget_type=\"button.default\">\n\t\t\t\t\t\t\t\t\t\t<a class=\"elementor-button elementor-button-link elementor-size-sm\" href=\"https:\/\/www.petitescreches.fr\/index.php\/pre-inscription\/\">\n\t\t\t\t\t\t<span class=\"elementor-button-content-wrapper\">\n\t\t\t\t\t\t\t\t\t<span class=\"elementor-button-text\">PRE-INSCRIPTION<\/span>\n\t\t\t\t\t<\/span>\n\t\t\t\t\t<\/a>\n\t\t\t\t\t\t\t\t<\/div>\n\t\t\t\t<\/div>\n\t\t<div class=\"elementor-element elementor-element-a1ddd6f e-con-full e-flex wpr-particle-no wpr-jarallax-no wpr-parallax-no wpr-sticky-section-no wpr-equal-height-no e-con e-child\" data-id=\"a1ddd6f\" data-element_type=\"container\" data-e-type=\"container\">\n\t\t\t\t<div class=\"elementor-element elementor-element-13497ca elementor-widget elementor-widget-image\" data-id=\"13497ca\" data-element_type=\"widget\" data-e-type=\"widget\" data-widget_type=\"image.default\">\n\t\t\t\t\t\t\t\t\t\t\t\t\t\t\t<img fetchpriority=\"high\" decoding=\"async\" width=\"390\" height=\"260\" src=\"https:\/\/www.petitescreches.fr\/wp-content\/uploads\/2026\/04\/yvette.jpg\" class=\"attachment-full size-full wp-image-1258\" alt=\"\" srcset=\"https:\/\/www.petitescreches.fr\/wp-content\/uploads\/2026\/04\/yvette.jpg 390w, https:\/\/www.petitescreches.fr\/wp-content\/uploads\/2026\/04\/yvette-300x200.jpg 300w\" sizes=\"(max-width: 390px) 100vw, 390px\" \/>\t\t\t\t\t\t\t\t\t\t\t\t\t\t\t<\/div>\n\t\t\t\t<\/div>\n\t\t\t\t\t<\/div>\n\t\t\t\t<\/div>\n\t\t<div class=\"elementor-element elementor-element-0defe97 e-flex e-con-boxed wpr-particle-no wpr-jarallax-no wpr-parallax-no wpr-sticky-section-no wpr-equal-height-no e-con e-parent\" data-id=\"0defe97\" data-element_type=\"container\" data-e-type=\"container\">\n\t\t\t\t\t<div class=\"e-con-inner\">\n\t\t\t\t<div class=\"elementor-element elementor-element-58dee57 elementor-widget elementor-widget-html\" data-id=\"58dee57\" data-element_type=\"widget\" data-e-type=\"widget\" data-widget_type=\"html.default\">\n\t\t\t\t\t<embed src=\"https:\/\/www.petitescreches.fr\/wp-content\/uploads\/2026\/04\/lpc_yvette.pdf\" type=\"application\/pdf\" width=\"600\" height=\"940\"><\/embed>\t\t\t\t<\/div>\n\t\t\t\t\t<\/div>\n\t\t\t\t<\/div>\n\t\t<div class=\"elementor-element elementor-element-2cfa385 e-flex e-con-boxed wpr-particle-no wpr-jarallax-no wpr-parallax-no wpr-sticky-section-no wpr-equal-height-no e-con e-parent\" data-id=\"2cfa385\" data-element_type=\"container\" data-e-type=\"container\">\n\t\t\t\t\t<div class=\"e-con-inner\">\n\t\t\t\t<div class=\"elementor-element elementor-element-7cd05fc elementor-widget elementor-widget-spacer\" data-id=\"7cd05fc\" data-element_type=\"widget\" data-e-type=\"widget\" data-widget_type=\"spacer.default\">\n\t\t\t\t\t\t\t<div class=\"elementor-spacer\">\n\t\t\t<div class=\"elementor-spacer-inner\"><\/div>\n\t\t<\/div>\n\t\t\t\t\t\t<\/div>\n\t\t\t\t\t<\/div>\n\t\t\t\t<\/div>\n\t\t<div class=\"elementor-element elementor-element-ed84859 e-flex e-con-boxed wpr-particle-no wpr-jarallax-no wpr-parallax-no wpr-sticky-section-no wpr-equal-height-no e-con e-parent\" data-id=\"ed84859\" data-element_type=\"container\" data-e-type=\"container\">\n\t\t\t\t\t<div class=\"e-con-inner\">\n\t\t<div class=\"elementor-element elementor-element-80165b1 e-con-full e-flex wpr-particle-no wpr-jarallax-no wpr-parallax-no wpr-sticky-section-no wpr-equal-height-no e-con e-child\" data-id=\"80165b1\" data-element_type=\"container\" data-e-type=\"container\">\n\t\t\t\t<div class=\"elementor-element elementor-element-a83b9fd elementor-widget elementor-widget-google_maps\" data-id=\"a83b9fd\" data-element_type=\"widget\" data-e-type=\"widget\" data-widget_type=\"google_maps.default\">\n\t\t\t\t\t\t\t<div class=\"elementor-custom-embed\">\n\t\t\t<iframe loading=\"lazy\"\n\t\t\t\t\tsrc=\"https:\/\/maps.google.com\/maps?q=38%2C%20Rue%20de%20l%27Yvette%2075016%20Paris&#038;t=m&#038;z=13&#038;output=embed&#038;iwloc=near\"\n\t\t\t\t\ttitle=\"38, Rue de l&#039;Yvette 75016 Paris\"\n\t\t\t\t\taria-label=\"38, Rue de l&#039;Yvette 75016 Paris\"\n\t\t\t><\/iframe>\n\t\t<\/div>\n\t\t\t\t\t\t<\/div>\n\t\t\t\t<\/div>\n\t\t<div class=\"elementor-element elementor-element-3bee971 e-con-full e-flex wpr-particle-no wpr-jarallax-no wpr-parallax-no wpr-sticky-section-no wpr-equal-height-no e-con e-child\" data-id=\"3bee971\" data-element_type=\"container\" data-e-type=\"container\">\n\t\t\t\t<div class=\"elementor-element elementor-element-0a7432f elementor-widget elementor-widget-text-editor\" data-id=\"0a7432f\" data-element_type=\"widget\" data-e-type=\"widget\" data-widget_type=\"text-editor.default\">\n\t\t\t\t\t\t\t\t\t<h3>Informations<\/h3><ul><li><strong>Adresse<\/strong> : 38, Rue de l&rsquo;Yvette 75016 Paris<\/li><li><strong>Cr\u00e8che<\/strong> : 2 micro-cre\u0300ches de 10 berceaux chacune<\/li><li><strong>Superficie<\/strong> : 200m\u00b2<\/li><li><strong>Horaire<\/strong> : 8h00 \/ 19h30 du lundi au vendredi<\/li><\/ul><h3>Comment s&rsquo;y rendre<\/h3><ul><li><strong>Bus<\/strong> : 52 Lyc\u00e9e Jeanson de Sailly<\/li><li><strong>M\u00e9tro<\/strong> : Ligne 9 Trocad\u00e9ro, Boissi\u00e8re; Ligne 2 Victor Hugo<\/li><\/ul>\t\t\t\t\t\t\t\t<\/div>\n\t\t\t\t<\/div>\n\t\t\t\t\t<\/div>\n\t\t\t\t<\/div>\n\t\t\t\t<\/div>\n\t\t","protected":false},"excerpt":{"rendered":"<p>Les petites cr\u00e8ches Yvette &#8211; 75016 Paris (16) Situ\u00e9e rue St-Didier \u00e0 deux pas des places Victor Hugo et de Mexico cette cr\u00e8che accueille les enfants dans un bel espace de 196m2 totalement r\u00e9nov\u00e9 et d\u2019un jardin de 130m2. Une \u00e9quipe de 11 professionnelles de la Petite Enfance sous la Direction p\u00e9dagogique d\u2019une Educatrice de jeune Enfants prendra soin d\u2019un groupe de 35 enfants accueillis en \u00e2ge m\u00e9lang\u00e9 avec une priorit\u00e9 donn\u00e9 aux activit\u00e9s en plein-air. PRE-INSCRIPTION Informations Adresse : 38, Rue de l&rsquo;Yvette 75016 Paris Cr\u00e8che : 2 micro-cre\u0300ches de 10 berceaux chacune Superficie : 200m\u00b2 Horaire : 8h00 \/ 19h30 du lundi au vendredi Comment s&rsquo;y rendre Bus : 52 Lyc\u00e9e Jeanson de Sailly M\u00e9tro : Ligne 9 Trocad\u00e9ro, Boissi\u00e8re; Ligne 2 Victor Hugo<\/p>\n","protected":false},"author":1,"featured_media":0,"parent":1219,"menu_order":0,"comment_status":"closed","ping_status":"closed","template":"elementor_header_footer","meta":{"footnotes":""},"class_list":["post-1418","page","type-page","status-publish","hentry"],"_links":{"self":[{"href":"https:\/\/www.petitescreches.fr\/index.php\/wp-json\/wp\/v2\/pages\/1418","targetHints":{"allow":["GET"]}}],"collection":[{"href":"https:\/\/www.petitescreches.fr\/index.php\/wp-json\/wp\/v2\/pages"}],"about":[{"href":"https:\/\/www.petitescreches.fr\/index.php\/wp-json\/wp\/v2\/types\/page"}],"author":[{"embeddable":true,"href":"https:\/\/www.petitescreches.fr\/index.php\/wp-json\/wp\/v2\/users\/1"}],"replies":[{"embeddable":true,"href":"https:\/\/www.petitescreches.fr\/index.php\/wp-json\/wp\/v2\/comments?post=1418"}],"version-history":[{"count":16,"href":"https:\/\/www.petitescreches.fr\/index.php\/wp-json\/wp\/v2\/pages\/1418\/revisions"}],"predecessor-version":[{"id":1517,"href":"https:\/\/www.petitescreches.fr\/index.php\/wp-json\/wp\/v2\/pages\/1418\/revisions\/1517"}],"up":[{"embeddable":true,"href":"https:\/\/www.petitescreches.fr\/index.php\/wp-json\/wp\/v2\/pages\/1219"}],"wp:attachment":[{"href":"https:\/\/www.petitescreches.fr\/index.php\/wp-json\/wp\/v2\/media?parent=1418"}],"curies":[{"name":"wp","href":"https:\/\/api.w.org\/{rel}","templated":true}]}}