{"id":1428,"date":"2026-04-19T12:28:02","date_gmt":"2026-04-19T11:28:02","guid":{"rendered":"http:\/\/cabineb.cluster100.hosting.ovh.net\/4enfants\/?page_id=1428"},"modified":"2026-04-19T14:23:37","modified_gmt":"2026-04-19T13:23:37","slug":"les-petites-creches-dallery-75011","status":"publish","type":"page","link":"https:\/\/www.petitescreches.fr\/index.php\/nos-etablissements\/les-petites-creches-dallery-75011\/","title":{"rendered":"Les petites cr\u00e8ches Dallery 75011"},"content":{"rendered":"\t\t<div data-elementor-type=\"wp-page\" data-elementor-id=\"1428\" class=\"elementor elementor-1428\" data-elementor-post-type=\"page\">\n\t\t\t\t<div class=\"elementor-element elementor-element-dfeb858 e-flex e-con-boxed wpr-particle-no wpr-jarallax-no wpr-parallax-no wpr-sticky-section-no wpr-equal-height-no e-con e-parent\" data-id=\"dfeb858\" data-element_type=\"container\" data-e-type=\"container\" data-settings=\"{&quot;background_background&quot;:&quot;classic&quot;}\">\n\t\t\t\t\t<div class=\"e-con-inner\">\n\t\t<div class=\"elementor-element elementor-element-5e549e5 e-con-full e-flex wpr-particle-no wpr-jarallax-no wpr-parallax-no wpr-sticky-section-no wpr-equal-height-no e-con e-child\" data-id=\"5e549e5\" data-element_type=\"container\" data-e-type=\"container\">\n\t\t\t\t<div class=\"elementor-element elementor-element-4509477 elementor-widget elementor-widget-heading\" data-id=\"4509477\" data-element_type=\"widget\" data-e-type=\"widget\" data-widget_type=\"heading.default\">\n\t\t\t\t\t<h2 class=\"elementor-heading-title elementor-size-default\">Les petites cr\u00e8ches Dallery - 75011 Paris (11)<\/h2>\t\t\t\t<\/div>\n\t\t\t\t<div class=\"elementor-element elementor-element-4cfa665 elementor-widget elementor-widget-text-editor\" data-id=\"4cfa665\" data-element_type=\"widget\" data-e-type=\"widget\" data-widget_type=\"text-editor.default\">\n\t\t\t\t\t\t\t\t\t<p>Les Petites Cr\u00e8ches Dallery, 75011 Paris (11), sont situ\u00e9es \u00e0 proximit\u00e9 de la place Voltaire. Sept professionnelles de la petite enfance y accueillent 18 enfants \u00e2g\u00e9s de 2 mois et demi jusqu\u2019\u00e0 leur entr\u00e9e en maternelle. La participation financi\u00e8re des parents est la m\u00eame qu\u2019en cr\u00e8che municipale. Les tarifs de cette cr\u00e8che sont calcul\u00e9s en fonction des revenus des parents et du nombre d\u2019enfants. Ce montant est plafonn\u00e9 \u00e0 hauteur de 5.26\u20ac de l\u2019heure. L\u2019accueil dans cet \u00e9tablissement est cumulable avec les aides de garde \u00e0 domicile, contrairement aux micro cr\u00e8ches.<\/p>\t\t\t\t\t\t\t\t<\/div>\n\t\t\t\t<div class=\"elementor-element elementor-element-4d2328a elementor-align-left elementor-widget elementor-widget-button\" data-id=\"4d2328a\" data-element_type=\"widget\" data-e-type=\"widget\" data-widget_type=\"button.default\">\n\t\t\t\t\t\t\t\t\t\t<a class=\"elementor-button elementor-button-link elementor-size-sm\" href=\"https:\/\/www.petitescreches.fr\/index.php\/pre-inscription\/\">\n\t\t\t\t\t\t<span class=\"elementor-button-content-wrapper\">\n\t\t\t\t\t\t\t\t\t<span class=\"elementor-button-text\">PRE-INSCRIPTION<\/span>\n\t\t\t\t\t<\/span>\n\t\t\t\t\t<\/a>\n\t\t\t\t\t\t\t\t<\/div>\n\t\t\t\t<\/div>\n\t\t<div class=\"elementor-element elementor-element-a99155f e-con-full e-flex wpr-particle-no wpr-jarallax-no wpr-parallax-no wpr-sticky-section-no wpr-equal-height-no e-con e-child\" data-id=\"a99155f\" data-element_type=\"container\" data-e-type=\"container\">\n\t\t\t\t<div class=\"elementor-element elementor-element-2392d79 elementor-widget elementor-widget-image\" data-id=\"2392d79\" data-element_type=\"widget\" data-e-type=\"widget\" data-widget_type=\"image.default\">\n\t\t\t\t\t\t\t\t\t\t\t\t\t\t\t<img fetchpriority=\"high\" decoding=\"async\" width=\"390\" height=\"260\" src=\"https:\/\/www.petitescreches.fr\/wp-content\/uploads\/2026\/04\/dallery.jpg\" class=\"attachment-full size-full wp-image-1260\" alt=\"\" srcset=\"https:\/\/www.petitescreches.fr\/wp-content\/uploads\/2026\/04\/dallery.jpg 390w, https:\/\/www.petitescreches.fr\/wp-content\/uploads\/2026\/04\/dallery-300x200.jpg 300w\" sizes=\"(max-width: 390px) 100vw, 390px\" \/>\t\t\t\t\t\t\t\t\t\t\t\t\t\t\t<\/div>\n\t\t\t\t<\/div>\n\t\t\t\t\t<\/div>\n\t\t\t\t<\/div>\n\t\t<div class=\"elementor-element elementor-element-a638378 e-flex e-con-boxed wpr-particle-no wpr-jarallax-no wpr-parallax-no wpr-sticky-section-no wpr-equal-height-no e-con e-parent\" data-id=\"a638378\" data-element_type=\"container\" data-e-type=\"container\">\n\t\t\t\t\t<div class=\"e-con-inner\">\n\t\t\t\t<div class=\"elementor-element elementor-element-b4b0f1b elementor-widget elementor-widget-heading\" data-id=\"b4b0f1b\" data-element_type=\"widget\" data-e-type=\"widget\" data-widget_type=\"heading.default\">\n\t\t\t\t\t<h2 class=\"elementor-heading-title elementor-size-default\">Notre cr\u00e8che<\/h2>\t\t\t\t<\/div>\n\t\t\t\t<div class=\"elementor-element elementor-element-39f7e79 elementor-widget elementor-widget-video\" data-id=\"39f7e79\" data-element_type=\"widget\" data-e-type=\"widget\" data-settings=\"{&quot;youtube_url&quot;:&quot;https:\\\/\\\/youtu.be\\\/pR1f80Ze1Yg?si=tUNnbchzgWOgjCEh&quot;,&quot;video_type&quot;:&quot;youtube&quot;,&quot;controls&quot;:&quot;yes&quot;}\" data-widget_type=\"video.default\">\n\t\t\t\t\t\t\t<div class=\"elementor-wrapper elementor-open-inline\">\n\t\t\t<div class=\"elementor-video\"><\/div>\t\t<\/div>\n\t\t\t\t\t\t<\/div>\n\t\t\t\t\t<\/div>\n\t\t\t\t<\/div>\n\t\t<div class=\"elementor-element elementor-element-66c4c2b e-flex e-con-boxed wpr-particle-no wpr-jarallax-no wpr-parallax-no wpr-sticky-section-no wpr-equal-height-no e-con e-parent\" data-id=\"66c4c2b\" data-element_type=\"container\" data-e-type=\"container\">\n\t\t\t\t\t<div class=\"e-con-inner\">\n\t\t\t\t<div class=\"elementor-element elementor-element-ec9cced elementor-widget elementor-widget-html\" data-id=\"ec9cced\" data-element_type=\"widget\" data-e-type=\"widget\" data-widget_type=\"html.default\">\n\t\t\t\t\t<embed src=\"https:\/\/www.petitescreches.fr\/wp-content\/uploads\/2026\/04\/lpc_dallery.pdf\" type=\"application\/pdf\" width=\"600\" height=\"940\"><\/embed>\t\t\t\t<\/div>\n\t\t\t\t\t<\/div>\n\t\t\t\t<\/div>\n\t\t<div class=\"elementor-element elementor-element-8941b54 e-flex e-con-boxed wpr-particle-no wpr-jarallax-no wpr-parallax-no wpr-sticky-section-no wpr-equal-height-no e-con e-parent\" data-id=\"8941b54\" data-element_type=\"container\" data-e-type=\"container\">\n\t\t\t\t\t<div class=\"e-con-inner\">\n\t\t\t\t<div class=\"elementor-element elementor-element-4bffb53 elementor-widget elementor-widget-spacer\" data-id=\"4bffb53\" data-element_type=\"widget\" data-e-type=\"widget\" data-widget_type=\"spacer.default\">\n\t\t\t\t\t\t\t<div class=\"elementor-spacer\">\n\t\t\t<div class=\"elementor-spacer-inner\"><\/div>\n\t\t<\/div>\n\t\t\t\t\t\t<\/div>\n\t\t\t\t\t<\/div>\n\t\t\t\t<\/div>\n\t\t<div class=\"elementor-element elementor-element-1878802 e-flex e-con-boxed wpr-particle-no wpr-jarallax-no wpr-parallax-no wpr-sticky-section-no wpr-equal-height-no e-con e-parent\" data-id=\"1878802\" data-element_type=\"container\" data-e-type=\"container\">\n\t\t\t\t\t<div class=\"e-con-inner\">\n\t\t<div class=\"elementor-element elementor-element-e197f3d e-con-full e-flex wpr-particle-no wpr-jarallax-no wpr-parallax-no wpr-sticky-section-no wpr-equal-height-no e-con e-child\" data-id=\"e197f3d\" data-element_type=\"container\" data-e-type=\"container\">\n\t\t\t\t<div class=\"elementor-element elementor-element-307298a elementor-widget elementor-widget-google_maps\" data-id=\"307298a\" data-element_type=\"widget\" data-e-type=\"widget\" data-widget_type=\"google_maps.default\">\n\t\t\t\t\t\t\t<div class=\"elementor-custom-embed\">\n\t\t\t<iframe loading=\"lazy\"\n\t\t\t\t\tsrc=\"https:\/\/maps.google.com\/maps?q=19%2C%20Passage%20Charles%20Dallery%2075011%20Paris&#038;t=m&#038;z=13&#038;output=embed&#038;iwloc=near\"\n\t\t\t\t\ttitle=\"19, Passage Charles Dallery 75011 Paris\"\n\t\t\t\t\taria-label=\"19, Passage Charles Dallery 75011 Paris\"\n\t\t\t><\/iframe>\n\t\t<\/div>\n\t\t\t\t\t\t<\/div>\n\t\t\t\t<\/div>\n\t\t<div class=\"elementor-element elementor-element-3b73dd6 e-con-full e-flex wpr-particle-no wpr-jarallax-no wpr-parallax-no wpr-sticky-section-no wpr-equal-height-no e-con e-child\" data-id=\"3b73dd6\" data-element_type=\"container\" data-e-type=\"container\">\n\t\t\t\t<div class=\"elementor-element elementor-element-dd85035 elementor-widget elementor-widget-text-editor\" data-id=\"dd85035\" data-element_type=\"widget\" data-e-type=\"widget\" data-widget_type=\"text-editor.default\">\n\t\t\t\t\t\t\t\t\t<h3>Informations<\/h3><ul><li><strong>Adresse<\/strong> : 19, Passage Charles Dallery 75011 Paris<\/li><li><strong>Cr\u00e8che<\/strong> : Cre\u0300che de 18 berceaux<\/li><li><strong>Superficie<\/strong> : 190m\u00b2<\/li><li><strong>Horaire<\/strong> : 8h00 \/ 19h00 du lundi au vendredi<\/li><\/ul><h3>Comment s&rsquo;y rendre<\/h3><ul><li><strong>Bus<\/strong> : 46, 56, 61, 69<\/li><li><strong>M\u00e9tro<\/strong> : Ligne 9 Voltaire \u00e0 300m<\/li><\/ul>\t\t\t\t\t\t\t\t<\/div>\n\t\t\t\t<\/div>\n\t\t\t\t\t<\/div>\n\t\t\t\t<\/div>\n\t\t\t\t<\/div>\n\t\t","protected":false},"excerpt":{"rendered":"<p>Les petites cr\u00e8ches Dallery &#8211; 75011 Paris (11) Les Petites Cr\u00e8ches Dallery, 75011 Paris (11), sont situ\u00e9es \u00e0 proximit\u00e9 de la place Voltaire. Sept professionnelles de la petite enfance y accueillent 18 enfants \u00e2g\u00e9s de 2 mois et demi jusqu\u2019\u00e0 leur entr\u00e9e en maternelle. La participation financi\u00e8re des parents est la m\u00eame qu\u2019en cr\u00e8che municipale. Les tarifs de cette cr\u00e8che sont calcul\u00e9s en fonction des revenus des parents et du nombre d\u2019enfants. Ce montant est plafonn\u00e9 \u00e0 hauteur de 5.26\u20ac de l\u2019heure. L\u2019accueil dans cet \u00e9tablissement est cumulable avec les aides de garde \u00e0 domicile, contrairement aux micro cr\u00e8ches. PRE-INSCRIPTION Notre cr\u00e8che https:\/\/youtu.be\/pR1f80Ze1Yg?si=tUNnbchzgWOgjCEh Informations Adresse : 19, Passage Charles Dallery 75011 Paris Cr\u00e8che : Cre\u0300che de 18 berceaux Superficie : 190m\u00b2 Horaire : 8h00 \/ 19h00 du lundi au vendredi Comment s&rsquo;y rendre Bus : 46, 56, 61, 69 M\u00e9tro : Ligne 9 Voltaire \u00e0 300m<\/p>\n","protected":false},"author":1,"featured_media":0,"parent":1219,"menu_order":0,"comment_status":"closed","ping_status":"closed","template":"elementor_header_footer","meta":{"footnotes":""},"class_list":["post-1428","page","type-page","status-publish","hentry"],"_links":{"self":[{"href":"https:\/\/www.petitescreches.fr\/index.php\/wp-json\/wp\/v2\/pages\/1428","targetHints":{"allow":["GET"]}}],"collection":[{"href":"https:\/\/www.petitescreches.fr\/index.php\/wp-json\/wp\/v2\/pages"}],"about":[{"href":"https:\/\/www.petitescreches.fr\/index.php\/wp-json\/wp\/v2\/types\/page"}],"author":[{"embeddable":true,"href":"https:\/\/www.petitescreches.fr\/index.php\/wp-json\/wp\/v2\/users\/1"}],"replies":[{"embeddable":true,"href":"https:\/\/www.petitescreches.fr\/index.php\/wp-json\/wp\/v2\/comments?post=1428"}],"version-history":[{"count":13,"href":"https:\/\/www.petitescreches.fr\/index.php\/wp-json\/wp\/v2\/pages\/1428\/revisions"}],"predecessor-version":[{"id":1529,"href":"https:\/\/www.petitescreches.fr\/index.php\/wp-json\/wp\/v2\/pages\/1428\/revisions\/1529"}],"up":[{"embeddable":true,"href":"https:\/\/www.petitescreches.fr\/index.php\/wp-json\/wp\/v2\/pages\/1219"}],"wp:attachment":[{"href":"https:\/\/www.petitescreches.fr\/index.php\/wp-json\/wp\/v2\/media?parent=1428"}],"curies":[{"name":"wp","href":"https:\/\/api.w.org\/{rel}","templated":true}]}}