{"id":1433,"date":"2026-04-19T12:30:17","date_gmt":"2026-04-19T11:30:17","guid":{"rendered":"http:\/\/cabineb.cluster100.hosting.ovh.net\/4enfants\/?page_id=1433"},"modified":"2026-04-19T14:38:50","modified_gmt":"2026-04-19T13:38:50","slug":"les-petites-creches-de-la-republique-75011","status":"publish","type":"page","link":"https:\/\/www.petitescreches.fr\/index.php\/nos-etablissements\/les-petites-creches-de-la-republique-75011\/","title":{"rendered":"Les petites cr\u00e8ches de la R\u00e9publique 75011"},"content":{"rendered":"\t\t<div data-elementor-type=\"wp-page\" data-elementor-id=\"1433\" class=\"elementor elementor-1433\" data-elementor-post-type=\"page\">\n\t\t\t\t<div class=\"elementor-element elementor-element-74cf2d4 e-flex e-con-boxed wpr-particle-no wpr-jarallax-no wpr-parallax-no wpr-sticky-section-no wpr-equal-height-no e-con e-parent\" data-id=\"74cf2d4\" data-element_type=\"container\" data-e-type=\"container\" data-settings=\"{&quot;background_background&quot;:&quot;classic&quot;}\">\n\t\t\t\t\t<div class=\"e-con-inner\">\n\t\t<div class=\"elementor-element elementor-element-a645460 e-con-full e-flex wpr-particle-no wpr-jarallax-no wpr-parallax-no wpr-sticky-section-no wpr-equal-height-no e-con e-child\" data-id=\"a645460\" data-element_type=\"container\" data-e-type=\"container\">\n\t\t\t\t<div class=\"elementor-element elementor-element-3c65902 elementor-widget elementor-widget-heading\" data-id=\"3c65902\" data-element_type=\"widget\" data-e-type=\"widget\" data-widget_type=\"heading.default\">\n\t\t\t\t\t<h2 class=\"elementor-heading-title elementor-size-default\">Les petites cr\u00e8ches de la R\u00e9publique - 75011 Paris (11)<\/h2>\t\t\t\t<\/div>\n\t\t\t\t<div class=\"elementor-element elementor-element-50ca9d9 elementor-widget elementor-widget-text-editor\" data-id=\"50ca9d9\" data-element_type=\"widget\" data-e-type=\"widget\" data-widget_type=\"text-editor.default\">\n\t\t\t\t\t\t\t\t\t<p>Les Petites Cr\u00e8ches de la R\u00e9publique sont situ\u00e9es \u00e0 proximit\u00e9 de la place de la R\u00e9publique, 75011 Paris (11). Treize professionnelles de la petite enfance y accueillent 40 enfants \u00e2g\u00e9s de 2 mois et demi jusqu\u2019\u00e0 leur entr\u00e9e en maternelle.<br \/>La participation financi\u00e8re des parents est la m\u00eame qu\u2019en cr\u00e8che municipale. Les tarifs de cette cr\u00e8che sont calcul\u00e9s en fonction des revenus des parents et du nombre d\u2019enfants. Ce montant est plafonn\u00e9s \u00e0 hauteur de 5.26\u20ac de l\u2019heure.<br \/>L\u2019accueil dans cet \u00e9tablissement est cumulable avec les aides de gardes \u00e0 domicile, contrairement aux micro-cr\u00e8ches.<\/p>\t\t\t\t\t\t\t\t<\/div>\n\t\t\t\t<div class=\"elementor-element elementor-element-97285fb elementor-align-left elementor-widget elementor-widget-button\" data-id=\"97285fb\" data-element_type=\"widget\" data-e-type=\"widget\" data-widget_type=\"button.default\">\n\t\t\t\t\t\t\t\t\t\t<a class=\"elementor-button elementor-button-link elementor-size-sm\" href=\"https:\/\/www.petitescreches.fr\/index.php\/pre-inscription\/\">\n\t\t\t\t\t\t<span class=\"elementor-button-content-wrapper\">\n\t\t\t\t\t\t\t\t\t<span class=\"elementor-button-text\">PRE-INSCRIPTION<\/span>\n\t\t\t\t\t<\/span>\n\t\t\t\t\t<\/a>\n\t\t\t\t\t\t\t\t<\/div>\n\t\t\t\t<\/div>\n\t\t<div class=\"elementor-element elementor-element-9e42786 e-con-full e-flex wpr-particle-no wpr-jarallax-no wpr-parallax-no wpr-sticky-section-no wpr-equal-height-no e-con e-child\" data-id=\"9e42786\" data-element_type=\"container\" data-e-type=\"container\">\n\t\t\t\t<div class=\"elementor-element elementor-element-ef514db elementor-widget elementor-widget-image\" data-id=\"ef514db\" data-element_type=\"widget\" data-e-type=\"widget\" data-widget_type=\"image.default\">\n\t\t\t\t\t\t\t\t\t\t\t\t\t\t\t<img fetchpriority=\"high\" decoding=\"async\" width=\"960\" height=\"540\" src=\"https:\/\/www.petitescreches.fr\/wp-content\/uploads\/2026\/04\/podium-e1648218367212.jpg\" class=\"attachment-full size-full wp-image-1261\" alt=\"\" srcset=\"https:\/\/www.petitescreches.fr\/wp-content\/uploads\/2026\/04\/podium-e1648218367212.jpg 960w, https:\/\/www.petitescreches.fr\/wp-content\/uploads\/2026\/04\/podium-e1648218367212-300x169.jpg 300w, https:\/\/www.petitescreches.fr\/wp-content\/uploads\/2026\/04\/podium-e1648218367212-768x432.jpg 768w\" sizes=\"(max-width: 960px) 100vw, 960px\" \/>\t\t\t\t\t\t\t\t\t\t\t\t\t\t\t<\/div>\n\t\t\t\t<\/div>\n\t\t\t\t\t<\/div>\n\t\t\t\t<\/div>\n\t\t<div class=\"elementor-element elementor-element-72e76d9 e-flex e-con-boxed wpr-particle-no wpr-jarallax-no wpr-parallax-no wpr-sticky-section-no wpr-equal-height-no e-con e-parent\" data-id=\"72e76d9\" data-element_type=\"container\" data-e-type=\"container\">\n\t\t\t\t\t<div class=\"e-con-inner\">\n\t\t\t\t<div class=\"elementor-element elementor-element-1e09d78 elementor-widget__width-initial elementor-widget elementor-widget-html\" data-id=\"1e09d78\" data-element_type=\"widget\" data-e-type=\"widget\" data-widget_type=\"html.default\">\n\t\t\t\t\t<embed src=\"https:\/\/www.petitescreches.fr\/wp-content\/uploads\/2026\/04\/lpc_folie.mericourt.pdf\" type=\"application\/pdf\" width=\"600\" height=\"940\"><\/embed>\t\t\t\t<\/div>\n\t\t\t\t\t<\/div>\n\t\t\t\t<\/div>\n\t\t<div class=\"elementor-element elementor-element-6315317 e-flex e-con-boxed wpr-particle-no wpr-jarallax-no wpr-parallax-no wpr-sticky-section-no wpr-equal-height-no e-con e-parent\" data-id=\"6315317\" data-element_type=\"container\" data-e-type=\"container\">\n\t\t\t\t\t<div class=\"e-con-inner\">\n\t\t\t\t<div class=\"elementor-element elementor-element-057ad51 elementor-widget elementor-widget-spacer\" data-id=\"057ad51\" data-element_type=\"widget\" data-e-type=\"widget\" data-widget_type=\"spacer.default\">\n\t\t\t\t\t\t\t<div class=\"elementor-spacer\">\n\t\t\t<div class=\"elementor-spacer-inner\"><\/div>\n\t\t<\/div>\n\t\t\t\t\t\t<\/div>\n\t\t\t\t\t<\/div>\n\t\t\t\t<\/div>\n\t\t<div class=\"elementor-element elementor-element-27c1a66 e-flex e-con-boxed wpr-particle-no wpr-jarallax-no wpr-parallax-no wpr-sticky-section-no wpr-equal-height-no e-con e-parent\" data-id=\"27c1a66\" data-element_type=\"container\" data-e-type=\"container\">\n\t\t\t\t\t<div class=\"e-con-inner\">\n\t\t<div class=\"elementor-element elementor-element-861a46f e-con-full e-flex wpr-particle-no wpr-jarallax-no wpr-parallax-no wpr-sticky-section-no wpr-equal-height-no e-con e-child\" data-id=\"861a46f\" data-element_type=\"container\" data-e-type=\"container\">\n\t\t\t\t<div class=\"elementor-element elementor-element-bd9add4 elementor-widget elementor-widget-google_maps\" data-id=\"bd9add4\" data-element_type=\"widget\" data-e-type=\"widget\" data-widget_type=\"google_maps.default\">\n\t\t\t\t\t\t\t<div class=\"elementor-custom-embed\">\n\t\t\t<iframe loading=\"lazy\"\n\t\t\t\t\tsrc=\"https:\/\/maps.google.com\/maps?q=110%2C%20Rue%20de%20la%20Folie-M%C3%A9ricourt%2075011%20Paris&#038;t=m&#038;z=13&#038;output=embed&#038;iwloc=near\"\n\t\t\t\t\ttitle=\"110, Rue de la Folie-M\u00e9ricourt 75011 Paris\"\n\t\t\t\t\taria-label=\"110, Rue de la Folie-M\u00e9ricourt 75011 Paris\"\n\t\t\t><\/iframe>\n\t\t<\/div>\n\t\t\t\t\t\t<\/div>\n\t\t\t\t<\/div>\n\t\t<div class=\"elementor-element elementor-element-e3c5e5d e-con-full e-flex wpr-particle-no wpr-jarallax-no wpr-parallax-no wpr-sticky-section-no wpr-equal-height-no e-con e-child\" data-id=\"e3c5e5d\" data-element_type=\"container\" data-e-type=\"container\">\n\t\t\t\t<div class=\"elementor-element elementor-element-0a4c06c elementor-widget elementor-widget-text-editor\" data-id=\"0a4c06c\" data-element_type=\"widget\" data-e-type=\"widget\" data-widget_type=\"text-editor.default\">\n\t\t\t\t\t\t\t\t\t<h3>Informations<\/h3><ul><li><strong>Adresse<\/strong> : 110, Rue de la Folie-M\u00e9ricourt 75011 Paris<\/li><li><strong>Cr\u00e8che<\/strong> : Cre\u0300che de 40 berceaux<\/li><li><strong>Superficie<\/strong> : 360m\u00b2<\/li><li><strong>Horaire<\/strong> : 8h00 \/ 19h00 du lundi au vendredi<\/li><\/ul><h3>Comment s&rsquo;y rendre<\/h3><ul><li><strong>Bus<\/strong> : 46, 56, 96<\/li><li><strong>M\u00e9tro<\/strong> : Ligne 9 R\u00e9publique, Oberkampf ; Ligne 3 Parmentier<\/li><\/ul>\t\t\t\t\t\t\t\t<\/div>\n\t\t\t\t<\/div>\n\t\t\t\t\t<\/div>\n\t\t\t\t<\/div>\n\t\t\t\t<\/div>\n\t\t","protected":false},"excerpt":{"rendered":"<p>Les petites cr\u00e8ches de la R\u00e9publique &#8211; 75011 Paris (11) Les Petites Cr\u00e8ches de la R\u00e9publique sont situ\u00e9es \u00e0 proximit\u00e9 de la place de la R\u00e9publique, 75011 Paris (11). Treize professionnelles de la petite enfance y accueillent 40 enfants \u00e2g\u00e9s de 2 mois et demi jusqu\u2019\u00e0 leur entr\u00e9e en maternelle.La participation financi\u00e8re des parents est la m\u00eame qu\u2019en cr\u00e8che municipale. Les tarifs de cette cr\u00e8che sont calcul\u00e9s en fonction des revenus des parents et du nombre d\u2019enfants. Ce montant est plafonn\u00e9s \u00e0 hauteur de 5.26\u20ac de l\u2019heure.L\u2019accueil dans cet \u00e9tablissement est cumulable avec les aides de gardes \u00e0 domicile, contrairement aux micro-cr\u00e8ches. PRE-INSCRIPTION Informations Adresse : 110, Rue de la Folie-M\u00e9ricourt 75011 Paris Cr\u00e8che : Cre\u0300che de 40 berceaux Superficie : 360m\u00b2 Horaire : 8h00 \/ 19h00 du lundi au vendredi Comment s&rsquo;y rendre Bus : 46, 56, 96 M\u00e9tro : Ligne 9 R\u00e9publique, Oberkampf ; Ligne 3 Parmentier<\/p>\n","protected":false},"author":1,"featured_media":0,"parent":1219,"menu_order":0,"comment_status":"closed","ping_status":"closed","template":"elementor_header_footer","meta":{"footnotes":""},"class_list":["post-1433","page","type-page","status-publish","hentry"],"_links":{"self":[{"href":"https:\/\/www.petitescreches.fr\/index.php\/wp-json\/wp\/v2\/pages\/1433","targetHints":{"allow":["GET"]}}],"collection":[{"href":"https:\/\/www.petitescreches.fr\/index.php\/wp-json\/wp\/v2\/pages"}],"about":[{"href":"https:\/\/www.petitescreches.fr\/index.php\/wp-json\/wp\/v2\/types\/page"}],"author":[{"embeddable":true,"href":"https:\/\/www.petitescreches.fr\/index.php\/wp-json\/wp\/v2\/users\/1"}],"replies":[{"embeddable":true,"href":"https:\/\/www.petitescreches.fr\/index.php\/wp-json\/wp\/v2\/comments?post=1433"}],"version-history":[{"count":13,"href":"https:\/\/www.petitescreches.fr\/index.php\/wp-json\/wp\/v2\/pages\/1433\/revisions"}],"predecessor-version":[{"id":1542,"href":"https:\/\/www.petitescreches.fr\/index.php\/wp-json\/wp\/v2\/pages\/1433\/revisions\/1542"}],"up":[{"embeddable":true,"href":"https:\/\/www.petitescreches.fr\/index.php\/wp-json\/wp\/v2\/pages\/1219"}],"wp:attachment":[{"href":"https:\/\/www.petitescreches.fr\/index.php\/wp-json\/wp\/v2\/media?parent=1433"}],"curies":[{"name":"wp","href":"https:\/\/api.w.org\/{rel}","templated":true}]}}