{"id":1543,"date":"2026-04-19T14:44:28","date_gmt":"2026-04-19T13:44:28","guid":{"rendered":"http:\/\/cabineb.cluster100.hosting.ovh.net\/4enfants\/?page_id=1543"},"modified":"2026-04-19T15:32:21","modified_gmt":"2026-04-19T14:32:21","slug":"nos-valeurs","status":"publish","type":"page","link":"https:\/\/www.petitescreches.fr\/index.php\/les-petites-creches\/nos-valeurs\/","title":{"rendered":"Nos valeurs"},"content":{"rendered":"\t\t<div data-elementor-type=\"wp-page\" data-elementor-id=\"1543\" class=\"elementor elementor-1543\" data-elementor-post-type=\"page\">\n\t\t\t\t<div class=\"elementor-element elementor-element-05f3084 e-flex e-con-boxed wpr-particle-no wpr-jarallax-no wpr-parallax-no wpr-sticky-section-no wpr-equal-height-no e-con e-parent\" data-id=\"05f3084\" data-element_type=\"container\" data-e-type=\"container\" data-settings=\"{&quot;background_background&quot;:&quot;classic&quot;}\">\n\t\t\t\t\t<div class=\"e-con-inner\">\n\t\t<div class=\"elementor-element elementor-element-5a4d948 e-con-full e-flex wpr-particle-no wpr-jarallax-no wpr-parallax-no wpr-sticky-section-no wpr-equal-height-no e-con e-child\" data-id=\"5a4d948\" data-element_type=\"container\" data-e-type=\"container\">\n\t\t\t\t<div class=\"elementor-element elementor-element-a3d0355 elementor-widget elementor-widget-image\" data-id=\"a3d0355\" data-element_type=\"widget\" data-e-type=\"widget\" data-widget_type=\"image.default\">\n\t\t\t\t\t\t\t\t\t\t\t\t\t\t\t<img decoding=\"async\" src=\"https:\/\/www.petitescreches.fr\/wp-content\/uploads\/elementor\/thumbs\/nos-valeurs-rm55rzh5s4phzetzuakasahz1nnv56oroujmn357kw.png\" title=\"nos-valeurs\" alt=\"nos-valeurs\" loading=\"lazy\" \/>\t\t\t\t\t\t\t\t\t\t\t\t\t\t\t<\/div>\n\t\t\t\t<\/div>\n\t\t<div class=\"elementor-element elementor-element-093ae98 e-con-full e-flex wpr-particle-no wpr-jarallax-no wpr-parallax-no wpr-sticky-section-no wpr-equal-height-no e-con e-child\" data-id=\"093ae98\" data-element_type=\"container\" data-e-type=\"container\">\n\t\t\t\t<div class=\"elementor-element elementor-element-d62e913 elementor-widget elementor-widget-spacer\" data-id=\"d62e913\" data-element_type=\"widget\" data-e-type=\"widget\" data-widget_type=\"spacer.default\">\n\t\t\t\t\t\t\t<div class=\"elementor-spacer\">\n\t\t\t<div class=\"elementor-spacer-inner\"><\/div>\n\t\t<\/div>\n\t\t\t\t\t\t<\/div>\n\t\t\t\t<div class=\"elementor-element elementor-element-302802c elementor-widget elementor-widget-heading\" data-id=\"302802c\" data-element_type=\"widget\" data-e-type=\"widget\" data-widget_type=\"heading.default\">\n\t\t\t\t\t<h2 class=\"elementor-heading-title elementor-size-default\">Nos valeurs<\/h2>\t\t\t\t<\/div>\n\t\t\t\t<div class=\"elementor-element elementor-element-9ce1ea7 elementor-widget elementor-widget-text-editor\" data-id=\"9ce1ea7\" data-element_type=\"widget\" data-e-type=\"widget\" data-widget_type=\"text-editor.default\">\n\t\t\t\t\t\t\t\t\t<p>\u00ab C\u2019est en jouant et seulement en jouant que l\u2019individu, enfant ou adulte, est capable d\u2019\u00eatre cr\u00e9atif et utiliser sa personnalit\u00e9 tout enti\u00e8re. C\u2019est seulement en \u00e9tant cr\u00e9atif que l\u2019individu d\u00e9couvre le soi. \u00bb<\/p><p>D.W. Winnicot, Jeu et r\u00e9alit\u00e9,1975<\/p>\t\t\t\t\t\t\t\t<\/div>\n\t\t\t\t<div class=\"elementor-element elementor-element-88aa876 elementor-widget elementor-widget-spacer\" data-id=\"88aa876\" data-element_type=\"widget\" data-e-type=\"widget\" data-widget_type=\"spacer.default\">\n\t\t\t\t\t\t\t<div class=\"elementor-spacer\">\n\t\t\t<div class=\"elementor-spacer-inner\"><\/div>\n\t\t<\/div>\n\t\t\t\t\t\t<\/div>\n\t\t\t\t<\/div>\n\t\t\t\t\t<\/div>\n\t\t\t\t<\/div>\n\t\t<div class=\"elementor-element elementor-element-0401ded e-flex e-con-boxed wpr-particle-no wpr-jarallax-no wpr-parallax-no wpr-sticky-section-no wpr-equal-height-no e-con e-parent\" data-id=\"0401ded\" data-element_type=\"container\" data-e-type=\"container\">\n\t\t\t\t\t<div class=\"e-con-inner\">\n\t\t\t\t<div class=\"elementor-element elementor-element-13f513a elementor-widget elementor-widget-text-editor\" data-id=\"13f513a\" data-element_type=\"widget\" data-e-type=\"widget\" data-widget_type=\"text-editor.default\">\n\t\t\t\t\t\t\t\t\t<p>Toute notre organisation et le d\u00e9roulement d\u2019une journ\u00e9e sont fond\u00e9s sur le respect de l\u2019individualit\u00e9 et du rythme de chaque enfant.<\/p><p>Quel que soit son \u00e2ge, nous respectons le rythme de l\u2019enfant lors des diff\u00e9rents moments de la journ\u00e9e : le sommeil, le repas, les soins, l\u2019\u00e9veil\u2026 Dans la mesure du possible et suite \u00e0 un \u00e9change quotidien avec la famille, nous adaptons au plus pr\u00e8s nos propositions \u00e9ducatives dans le respect de son d\u00e9veloppement et de ses besoins.<\/p><p>La priorit\u00e9 de notre travail aux Petites Cr\u00e8ches est bas\u00e9e sur l\u2019\u00e9veil et le plaisir de l\u2019enfant. Le choix des ateliers d\u2019\u00e9veil fait appel \u00e0 la compl\u00e9mentarit\u00e9 des comp\u00e9tences de chaque professionnelle et \u00e0 son investissement dans le projet.<\/p>\t\t\t\t\t\t\t\t<\/div>\n\t\t\t\t\t<\/div>\n\t\t\t\t<\/div>\n\t\t\t\t<\/div>\n\t\t","protected":false},"excerpt":{"rendered":"<p>Nos valeurs \u00ab C\u2019est en jouant et seulement en jouant que l\u2019individu, enfant ou adulte, est capable d\u2019\u00eatre cr\u00e9atif et utiliser sa personnalit\u00e9 tout enti\u00e8re. C\u2019est seulement en \u00e9tant cr\u00e9atif que l\u2019individu d\u00e9couvre le soi. \u00bb D.W. Winnicot, Jeu et r\u00e9alit\u00e9,1975 Toute notre organisation et le d\u00e9roulement d\u2019une journ\u00e9e sont fond\u00e9s sur le respect de l\u2019individualit\u00e9 et du rythme de chaque enfant. Quel que soit son \u00e2ge, nous respectons le rythme de l\u2019enfant lors des diff\u00e9rents moments de la journ\u00e9e : le sommeil, le repas, les soins, l\u2019\u00e9veil\u2026 Dans la mesure du possible et suite \u00e0 un \u00e9change quotidien avec la famille, nous adaptons au plus pr\u00e8s nos propositions \u00e9ducatives dans le respect de son d\u00e9veloppement et de ses besoins. La priorit\u00e9 de notre travail aux Petites Cr\u00e8ches est bas\u00e9e sur l\u2019\u00e9veil et le plaisir de l\u2019enfant. Le choix des ateliers d\u2019\u00e9veil fait appel \u00e0 la compl\u00e9mentarit\u00e9 des comp\u00e9tences de chaque professionnelle et \u00e0 son investissement dans le projet.<\/p>\n","protected":false},"author":1,"featured_media":0,"parent":1159,"menu_order":0,"comment_status":"closed","ping_status":"closed","template":"elementor_header_footer","meta":{"footnotes":""},"class_list":["post-1543","page","type-page","status-publish","hentry"],"_links":{"self":[{"href":"https:\/\/www.petitescreches.fr\/index.php\/wp-json\/wp\/v2\/pages\/1543","targetHints":{"allow":["GET"]}}],"collection":[{"href":"https:\/\/www.petitescreches.fr\/index.php\/wp-json\/wp\/v2\/pages"}],"about":[{"href":"https:\/\/www.petitescreches.fr\/index.php\/wp-json\/wp\/v2\/types\/page"}],"author":[{"embeddable":true,"href":"https:\/\/www.petitescreches.fr\/index.php\/wp-json\/wp\/v2\/users\/1"}],"replies":[{"embeddable":true,"href":"https:\/\/www.petitescreches.fr\/index.php\/wp-json\/wp\/v2\/comments?post=1543"}],"version-history":[{"count":10,"href":"https:\/\/www.petitescreches.fr\/index.php\/wp-json\/wp\/v2\/pages\/1543\/revisions"}],"predecessor-version":[{"id":1584,"href":"https:\/\/www.petitescreches.fr\/index.php\/wp-json\/wp\/v2\/pages\/1543\/revisions\/1584"}],"up":[{"embeddable":true,"href":"https:\/\/www.petitescreches.fr\/index.php\/wp-json\/wp\/v2\/pages\/1159"}],"wp:attachment":[{"href":"https:\/\/www.petitescreches.fr\/index.php\/wp-json\/wp\/v2\/media?parent=1543"}],"curies":[{"name":"wp","href":"https:\/\/api.w.org\/{rel}","templated":true}]}}