{"id":1547,"date":"2026-04-19T14:46:14","date_gmt":"2026-04-19T13:46:14","guid":{"rendered":"http:\/\/cabineb.cluster100.hosting.ovh.net\/4enfants\/?page_id=1547"},"modified":"2026-04-19T15:31:12","modified_gmt":"2026-04-19T14:31:12","slug":"nos-equipes","status":"publish","type":"page","link":"https:\/\/www.petitescreches.fr\/index.php\/les-petites-creches\/nos-equipes\/","title":{"rendered":"Nos \u00e9quipes"},"content":{"rendered":"\t\t<div data-elementor-type=\"wp-page\" data-elementor-id=\"1547\" class=\"elementor elementor-1547\" data-elementor-post-type=\"page\">\n\t\t\t\t<div class=\"elementor-element elementor-element-cbb014e e-flex e-con-boxed wpr-particle-no wpr-jarallax-no wpr-parallax-no wpr-sticky-section-no wpr-equal-height-no e-con e-parent\" data-id=\"cbb014e\" data-element_type=\"container\" data-e-type=\"container\" data-settings=\"{&quot;background_background&quot;:&quot;classic&quot;}\">\n\t\t\t\t\t<div class=\"e-con-inner\">\n\t\t<div class=\"elementor-element elementor-element-3de247e e-con-full e-flex wpr-particle-no wpr-jarallax-no wpr-parallax-no wpr-sticky-section-no wpr-equal-height-no e-con e-child\" data-id=\"3de247e\" data-element_type=\"container\" data-e-type=\"container\">\n\t\t\t\t<div class=\"elementor-element elementor-element-fe287af elementor-widget elementor-widget-image\" data-id=\"fe287af\" data-element_type=\"widget\" data-e-type=\"widget\" data-widget_type=\"image.default\">\n\t\t\t\t\t\t\t\t\t\t\t\t\t\t\t<img decoding=\"async\" src=\"https:\/\/www.petitescreches.fr\/wp-content\/uploads\/elementor\/thumbs\/nos-equipes-1-rm6j8mygniawepoef2bpt21jj5i655qbrqt7glhbbc.png\" title=\"nos-equipes-1\" alt=\"nos-equipes-1\" loading=\"lazy\" \/>\t\t\t\t\t\t\t\t\t\t\t\t\t\t\t<\/div>\n\t\t\t\t<\/div>\n\t\t<div class=\"elementor-element elementor-element-0d838f6 e-con-full e-flex wpr-particle-no wpr-jarallax-no wpr-parallax-no wpr-sticky-section-no wpr-equal-height-no e-con e-child\" data-id=\"0d838f6\" data-element_type=\"container\" data-e-type=\"container\">\n\t\t\t\t<div class=\"elementor-element elementor-element-5da7b32 elementor-widget elementor-widget-spacer\" data-id=\"5da7b32\" data-element_type=\"widget\" data-e-type=\"widget\" data-widget_type=\"spacer.default\">\n\t\t\t\t\t\t\t<div class=\"elementor-spacer\">\n\t\t\t<div class=\"elementor-spacer-inner\"><\/div>\n\t\t<\/div>\n\t\t\t\t\t\t<\/div>\n\t\t\t\t<div class=\"elementor-element elementor-element-803ad01 elementor-widget elementor-widget-heading\" data-id=\"803ad01\" data-element_type=\"widget\" data-e-type=\"widget\" data-widget_type=\"heading.default\">\n\t\t\t\t\t<h2 class=\"elementor-heading-title elementor-size-default\">Nos \u00e9quipes<\/h2>\t\t\t\t<\/div>\n\t\t\t\t<div class=\"elementor-element elementor-element-4199d1c elementor-widget elementor-widget-text-editor\" data-id=\"4199d1c\" data-element_type=\"widget\" data-e-type=\"widget\" data-widget_type=\"text-editor.default\">\n\t\t\t\t\t\t\t\t\t<p><strong>Pour chaque micro cr\u00e8che, une \u00e9quipe pluridisciplinaire assure l\u2019accueil des enfants :<\/strong><\/p><ul><li>Une Educatrice de Jeunes Enfants (EJE)<\/li><li>Trois professionnelles petites enfances dipl\u00f4m\u00e9es<\/li><\/ul><p>\u00a0<\/p><p>Cette \u00e9quipe, comp\u00e9tente pour assurer un accueil de qualit\u00e9 des enfants, dispose du soutien de comp\u00e9tences plus sp\u00e9cialis\u00e9es pour en assurer la coh\u00e9sion et r\u00e9pondre \u00e0 des questions et situations qui exigeraient leur participation : Le service administratif et commercial, la Directrice coordinatrice et 2 m\u00e9decins-conseil<\/p>\t\t\t\t\t\t\t\t<\/div>\n\t\t\t\t<div class=\"elementor-element elementor-element-f501edb elementor-widget elementor-widget-spacer\" data-id=\"f501edb\" data-element_type=\"widget\" data-e-type=\"widget\" data-widget_type=\"spacer.default\">\n\t\t\t\t\t\t\t<div class=\"elementor-spacer\">\n\t\t\t<div class=\"elementor-spacer-inner\"><\/div>\n\t\t<\/div>\n\t\t\t\t\t\t<\/div>\n\t\t\t\t<\/div>\n\t\t\t\t\t<\/div>\n\t\t\t\t<\/div>\n\t\t<div class=\"elementor-element elementor-element-55039e0 e-flex e-con-boxed wpr-particle-no wpr-jarallax-no wpr-parallax-no wpr-sticky-section-no wpr-equal-height-no e-con e-parent\" data-id=\"55039e0\" data-element_type=\"container\" data-e-type=\"container\">\n\t\t\t\t\t<div class=\"e-con-inner\">\n\t\t\t\t<div class=\"elementor-element elementor-element-c7ae098 elementor-widget elementor-widget-text-editor\" data-id=\"c7ae098\" data-element_type=\"widget\" data-e-type=\"widget\" data-widget_type=\"text-editor.default\">\n\t\t\t\t\t\t\t\t\t<h4>La directrice coordinatrice<\/h4><p>La directrice coordinatrice et responsable p\u00e9dagogique, fait le lien entre les cr\u00e8ches en travaillant en collaboration avec les Directrices de chaque cr\u00e8ches. Elle est la r\u00e9dactrice du projet d\u2019\u00e9tablissement et elle en assure la mise en place. Elle coordonne, dynamise et \u00e9value les actions des professionnelles des Petites Cr\u00e8ches pour mener \u00e0 bien un projet global coh\u00e9rent, r\u00e9pondant aux besoins de l\u2019enfant et aux attentes des parents.<\/p><p>Enfin, la coordinatrice a un r\u00f4le de liaison et de m\u00e9diation entre les divers membres du personnel et les parents, les organismes officiels et se tient \u00e0 la disposition de ces derniers.<br \/>Chaque cr\u00e8che est dirig\u00e9e par une \u00e9ducatrice des jeunes enfants (eje)<\/p><p>La Directrice est garante de la mise en application des projets \u00e9ducatif et p\u00e9dagogique et du bon fonctionnement de la cr\u00e8che. Elle assure la gestion administrative et logistique de la structure en lien avec le service administratif de la soci\u00e9t\u00e9. Elle encadre et accompagne les \u00e9quipes dans les pratiques professionnelles et accompagne les familles et leurs enfants pour garantir un accueil de qualit\u00e9 au quotidien.<\/p><h4>L\u2019auxiliaire de pu\u00e9riculture<\/h4><p>Elle exerce sa fonction sous la responsabilit\u00e9 et l\u2019autorit\u00e9 de la Directrice de la cr\u00e8che. De par sa formation et ses connaissances, elle apporte un regard diff\u00e9rent notamment en ce qui concerne l\u2019\u00e9veil, le soin, le rythme et l\u2019hygi\u00e8ne de l\u2019enfant. Elle assure en lien avec la Directrice de la cr\u00e8che le suivi m\u00e9dical de chaque enfant et administre les traitements dans le respect des protocoles m\u00e9dicaux.<\/p><p>Elle assure au quotidien les m\u00eames missions que l\u2019auxiliaire petite enfance<\/p><h4>Les aide-auxiliaires (cap petite enfance)<\/h4><p>Leurs fonctions s\u2019exercent sous la responsabilit\u00e9 et l\u2019autorit\u00e9 de la Directrice de la cr\u00e8che. Elles ont pour mission d\u2019accueillir et accompagner les enfants, chaque jour, en veillant \u00e0 leur bien-\u00eatre, leur \u00e9veil, leur s\u00e9curit\u00e9 et leurs apprentissages au sein de la cr\u00e8che. Elles assurent une continuit\u00e9 \u00e9ducative et de soins en favorisant les \u00e9changes et en privil\u00e9giant une relation de confiance avec la famille.<\/p><p>Au sein de l\u2019\u00e9quipe, elles favorisent les \u00e9changes positifs et travaillent dans la coh\u00e9rence et le respect des projets \u00e9ducatif et p\u00e9dagogique.<\/p>\t\t\t\t\t\t\t\t<\/div>\n\t\t\t\t\t<\/div>\n\t\t\t\t<\/div>\n\t\t\t\t<\/div>\n\t\t","protected":false},"excerpt":{"rendered":"<p>Nos \u00e9quipes Pour chaque micro cr\u00e8che, une \u00e9quipe pluridisciplinaire assure l\u2019accueil des enfants : Une Educatrice de Jeunes Enfants (EJE) Trois professionnelles petites enfances dipl\u00f4m\u00e9es \u00a0 Cette \u00e9quipe, comp\u00e9tente pour assurer un accueil de qualit\u00e9 des enfants, dispose du soutien de comp\u00e9tences plus sp\u00e9cialis\u00e9es pour en assurer la coh\u00e9sion et r\u00e9pondre \u00e0 des questions et situations qui exigeraient leur participation : Le service administratif et commercial, la Directrice coordinatrice et 2 m\u00e9decins-conseil La directrice coordinatrice La directrice coordinatrice et responsable p\u00e9dagogique, fait le lien entre les cr\u00e8ches en travaillant en collaboration avec les Directrices de chaque cr\u00e8ches. Elle est la r\u00e9dactrice du projet d\u2019\u00e9tablissement et elle en assure la mise en place. Elle coordonne, dynamise et \u00e9value les actions des professionnelles des Petites Cr\u00e8ches pour mener \u00e0 bien un projet global coh\u00e9rent, r\u00e9pondant aux besoins de l\u2019enfant et aux attentes des parents. Enfin, la coordinatrice a un r\u00f4le de liaison et de m\u00e9diation entre les divers membres du personnel et les parents, les organismes officiels et se tient \u00e0 la disposition de ces derniers.Chaque cr\u00e8che est dirig\u00e9e par une \u00e9ducatrice des jeunes enfants (eje) La Directrice est garante de la mise en application des projets \u00e9ducatif et p\u00e9dagogique et du bon fonctionnement de la cr\u00e8che. Elle assure la gestion administrative et logistique de la structure en lien avec le service administratif de la soci\u00e9t\u00e9. Elle encadre et accompagne les \u00e9quipes dans les pratiques professionnelles et accompagne les familles et leurs enfants pour garantir un accueil de qualit\u00e9 au quotidien. L\u2019auxiliaire de pu\u00e9riculture Elle exerce sa fonction sous la responsabilit\u00e9 et l\u2019autorit\u00e9 de la Directrice de la cr\u00e8che. De par sa formation et ses connaissances, elle apporte un regard diff\u00e9rent notamment en ce qui concerne l\u2019\u00e9veil, le soin, le rythme et l\u2019hygi\u00e8ne de l\u2019enfant. Elle assure en lien avec la Directrice de la cr\u00e8che le suivi m\u00e9dical de chaque enfant et administre les traitements dans le respect des protocoles m\u00e9dicaux. Elle assure au quotidien les m\u00eames missions que l\u2019auxiliaire petite enfance Les aide-auxiliaires (cap petite enfance) Leurs fonctions s\u2019exercent sous la responsabilit\u00e9 et l\u2019autorit\u00e9 de la Directrice de la cr\u00e8che. Elles ont pour mission d\u2019accueillir et accompagner les enfants, chaque jour, en veillant \u00e0 leur bien-\u00eatre, leur \u00e9veil, leur s\u00e9curit\u00e9 et leurs apprentissages au sein de la cr\u00e8che. Elles assurent une continuit\u00e9 \u00e9ducative et de soins en favorisant les \u00e9changes et en privil\u00e9giant une relation de confiance avec la famille. Au sein de l\u2019\u00e9quipe, elles favorisent les \u00e9changes positifs et travaillent dans la coh\u00e9rence et le respect des projets \u00e9ducatif et p\u00e9dagogique.<\/p>\n","protected":false},"author":1,"featured_media":0,"parent":1159,"menu_order":0,"comment_status":"closed","ping_status":"closed","template":"elementor_header_footer","meta":{"footnotes":""},"class_list":["post-1547","page","type-page","status-publish","hentry"],"_links":{"self":[{"href":"https:\/\/www.petitescreches.fr\/index.php\/wp-json\/wp\/v2\/pages\/1547","targetHints":{"allow":["GET"]}}],"collection":[{"href":"https:\/\/www.petitescreches.fr\/index.php\/wp-json\/wp\/v2\/pages"}],"about":[{"href":"https:\/\/www.petitescreches.fr\/index.php\/wp-json\/wp\/v2\/types\/page"}],"author":[{"embeddable":true,"href":"https:\/\/www.petitescreches.fr\/index.php\/wp-json\/wp\/v2\/users\/1"}],"replies":[{"embeddable":true,"href":"https:\/\/www.petitescreches.fr\/index.php\/wp-json\/wp\/v2\/comments?post=1547"}],"version-history":[{"count":7,"href":"https:\/\/www.petitescreches.fr\/index.php\/wp-json\/wp\/v2\/pages\/1547\/revisions"}],"predecessor-version":[{"id":1581,"href":"https:\/\/www.petitescreches.fr\/index.php\/wp-json\/wp\/v2\/pages\/1547\/revisions\/1581"}],"up":[{"embeddable":true,"href":"https:\/\/www.petitescreches.fr\/index.php\/wp-json\/wp\/v2\/pages\/1159"}],"wp:attachment":[{"href":"https:\/\/www.petitescreches.fr\/index.php\/wp-json\/wp\/v2\/media?parent=1547"}],"curies":[{"name":"wp","href":"https:\/\/api.w.org\/{rel}","templated":true}]}}