{"id":1763,"date":"2026-04-21T14:16:41","date_gmt":"2026-04-21T13:16:41","guid":{"rendered":"http:\/\/cabineb.cluster100.hosting.ovh.net\/4enfants\/?page_id=1763"},"modified":"2026-04-21T15:27:52","modified_gmt":"2026-04-21T14:27:52","slug":"actualites","status":"publish","type":"page","link":"https:\/\/www.petitescreches.fr\/index.php\/actualites\/","title":{"rendered":"Actualit\u00e9s"},"content":{"rendered":"\t\t<div data-elementor-type=\"wp-page\" data-elementor-id=\"1763\" class=\"elementor elementor-1763\" data-elementor-post-type=\"page\">\n\t\t\t\t<div class=\"elementor-element elementor-element-4ce4712 e-flex e-con-boxed wpr-particle-no wpr-jarallax-no wpr-parallax-no wpr-sticky-section-no wpr-equal-height-no e-con e-parent\" data-id=\"4ce4712\" data-element_type=\"container\" data-e-type=\"container\" data-settings=\"{&quot;background_background&quot;:&quot;classic&quot;}\">\n\t\t\t\t\t<div class=\"e-con-inner\">\n\t\t\t\t<div class=\"elementor-element elementor-element-5fef9f2 elementor-widget elementor-widget-heading\" data-id=\"5fef9f2\" data-element_type=\"widget\" data-e-type=\"widget\" data-widget_type=\"heading.default\">\n\t\t\t\t\t<h1 class=\"elementor-heading-title elementor-size-default\">Actualit\u00e9s<\/h1>\t\t\t\t<\/div>\n\t\t\t\t\t<\/div>\n\t\t\t\t<\/div>\n\t\t<div class=\"elementor-element elementor-element-72be0f6 e-flex e-con-boxed wpr-particle-no wpr-jarallax-no wpr-parallax-no wpr-sticky-section-no wpr-equal-height-no e-con e-parent\" data-id=\"72be0f6\" data-element_type=\"container\" data-e-type=\"container\">\n\t\t\t\t\t<div class=\"e-con-inner\">\n\t\t\t\t<div class=\"elementor-element elementor-element-54bacb9 elementor-widget elementor-widget-image\" data-id=\"54bacb9\" data-element_type=\"widget\" data-e-type=\"widget\" data-widget_type=\"image.default\">\n\t\t\t\t\t\t\t\t\t\t\t\t\t\t\t<img fetchpriority=\"high\" decoding=\"async\" width=\"2500\" height=\"1667\" src=\"https:\/\/www.petitescreches.fr\/wp-content\/uploads\/2026\/04\/news.jpeg\" class=\"attachment-full size-full wp-image-1770\" alt=\"\" srcset=\"https:\/\/www.petitescreches.fr\/wp-content\/uploads\/2026\/04\/news.jpeg 2500w, https:\/\/www.petitescreches.fr\/wp-content\/uploads\/2026\/04\/news-300x200.jpeg 300w, https:\/\/www.petitescreches.fr\/wp-content\/uploads\/2026\/04\/news-1024x683.jpeg 1024w, https:\/\/www.petitescreches.fr\/wp-content\/uploads\/2026\/04\/news-768x512.jpeg 768w, https:\/\/www.petitescreches.fr\/wp-content\/uploads\/2026\/04\/news-1536x1024.jpeg 1536w, https:\/\/www.petitescreches.fr\/wp-content\/uploads\/2026\/04\/news-2048x1366.jpeg 2048w\" sizes=\"(max-width: 2500px) 100vw, 2500px\" \/>\t\t\t\t\t\t\t\t\t\t\t\t\t\t\t<\/div>\n\t\t\t\t\t<\/div>\n\t\t\t\t<\/div>\n\t\t<div class=\"elementor-element elementor-element-542e9ec e-flex e-con-boxed wpr-particle-no wpr-jarallax-no wpr-parallax-no wpr-sticky-section-no wpr-equal-height-no e-con e-parent\" data-id=\"542e9ec\" data-element_type=\"container\" data-e-type=\"container\">\n\t\t\t\t\t<div class=\"e-con-inner\">\n\t\t\t\t<div class=\"elementor-element elementor-element-5c843cd elementor-grid-3 elementor-grid-tablet-2 elementor-grid-mobile-1 elementor-posts--thumbnail-top elementor-card-shadow-yes elementor-posts__hover-gradient elementor-widget elementor-widget-posts\" data-id=\"5c843cd\" data-element_type=\"widget\" data-e-type=\"widget\" data-settings=\"{&quot;pagination_type&quot;:&quot;prev_next&quot;,&quot;cards_columns&quot;:&quot;3&quot;,&quot;cards_columns_tablet&quot;:&quot;2&quot;,&quot;cards_columns_mobile&quot;:&quot;1&quot;,&quot;cards_row_gap&quot;:{&quot;unit&quot;:&quot;px&quot;,&quot;size&quot;:35,&quot;sizes&quot;:[]},&quot;cards_row_gap_tablet&quot;:{&quot;unit&quot;:&quot;px&quot;,&quot;size&quot;:&quot;&quot;,&quot;sizes&quot;:[]},&quot;cards_row_gap_mobile&quot;:{&quot;unit&quot;:&quot;px&quot;,&quot;size&quot;:&quot;&quot;,&quot;sizes&quot;:[]}}\" data-widget_type=\"posts.cards\">\n\t\t\t\t<div class=\"elementor-widget-container\">\n\t\t\t\t\t\t\t<div class=\"elementor-posts-container elementor-posts elementor-posts--skin-cards elementor-grid\" role=\"list\">\n\t\t\t\t<article class=\"elementor-post elementor-grid-item post-1049 post type-post status-publish format-standard has-post-thumbnail hentry category-actualites\" role=\"listitem\">\n\t\t\t<div class=\"elementor-post__card\">\n\t\t\t\t<a class=\"elementor-post__thumbnail__link\" href=\"https:\/\/www.petitescreches.fr\/index.php\/2024\/11\/27\/1049\/\" tabindex=\"-1\" ><div class=\"elementor-post__thumbnail\"><img decoding=\"async\" width=\"800\" height=\"534\" src=\"https:\/\/www.petitescreches.fr\/wp-content\/uploads\/2026\/04\/news-1024x683.jpeg\" class=\"attachment-large size-large wp-image-1770\" alt=\"\" srcset=\"https:\/\/www.petitescreches.fr\/wp-content\/uploads\/2026\/04\/news-1024x683.jpeg 1024w, https:\/\/www.petitescreches.fr\/wp-content\/uploads\/2026\/04\/news-300x200.jpeg 300w, https:\/\/www.petitescreches.fr\/wp-content\/uploads\/2026\/04\/news-768x512.jpeg 768w, https:\/\/www.petitescreches.fr\/wp-content\/uploads\/2026\/04\/news-1536x1024.jpeg 1536w, https:\/\/www.petitescreches.fr\/wp-content\/uploads\/2026\/04\/news-2048x1366.jpeg 2048w\" sizes=\"(max-width: 800px) 100vw, 800px\" \/><\/div><\/a>\n\t\t\t\t<div class=\"elementor-post__badge\">Actualit\u00e9s<\/div>\n\t\t\t\t<div class=\"elementor-post__text\">\n\t\t\t\t<h3 class=\"elementor-post__title\">\n\t\t\t<a href=\"https:\/\/www.petitescreches.fr\/index.php\/2024\/11\/27\/1049\/\" >\n\t\t\t\t20eme \u00e9dition du D\u00e9fi des Courreaux\t\t\t<\/a>\n\t\t<\/h3>\n\t\t\n\t\t<a class=\"elementor-post__read-more\" href=\"https:\/\/www.petitescreches.fr\/index.php\/2024\/11\/27\/1049\/\" aria-label=\"En savoir plus sur 20eme \u00e9dition du D\u00e9fi des Courreaux\" tabindex=\"-1\" >\n\t\t\tLire la suite \u00bb\t\t<\/a>\n\n\t\t\t\t<\/div>\n\t\t\t\t<div class=\"elementor-post__meta-data\">\n\t\t\t\t\t<span class=\"elementor-post-date\">\n\t\t\t27\/11\/2024\t\t<\/span>\n\t\t\t\t<\/div>\n\t\t\t\t\t<\/div>\n\t\t<\/article>\n\t\t\t\t<article class=\"elementor-post elementor-grid-item post-1039 post type-post status-publish format-standard has-post-thumbnail hentry category-actualites\" role=\"listitem\">\n\t\t\t<div class=\"elementor-post__card\">\n\t\t\t\t<a class=\"elementor-post__thumbnail__link\" href=\"https:\/\/www.petitescreches.fr\/index.php\/2023\/05\/15\/stop-aux-ecrans-pour-les-enfants-de-moins-de-trois-ans\/\" tabindex=\"-1\" ><div class=\"elementor-post__thumbnail\"><img decoding=\"async\" width=\"390\" height=\"260\" src=\"https:\/\/www.petitescreches.fr\/wp-content\/uploads\/2026\/04\/dallery.jpg\" class=\"attachment-large size-large wp-image-1260\" alt=\"\" srcset=\"https:\/\/www.petitescreches.fr\/wp-content\/uploads\/2026\/04\/dallery.jpg 390w, https:\/\/www.petitescreches.fr\/wp-content\/uploads\/2026\/04\/dallery-300x200.jpg 300w\" sizes=\"(max-width: 390px) 100vw, 390px\" \/><\/div><\/a>\n\t\t\t\t<div class=\"elementor-post__badge\">Actualit\u00e9s<\/div>\n\t\t\t\t<div class=\"elementor-post__text\">\n\t\t\t\t<h3 class=\"elementor-post__title\">\n\t\t\t<a href=\"https:\/\/www.petitescreches.fr\/index.php\/2023\/05\/15\/stop-aux-ecrans-pour-les-enfants-de-moins-de-trois-ans\/\" >\n\t\t\t\tstop aux \u00e9crans pour les enfants de moins de trois ans\t\t\t<\/a>\n\t\t<\/h3>\n\t\t\n\t\t<a class=\"elementor-post__read-more\" href=\"https:\/\/www.petitescreches.fr\/index.php\/2023\/05\/15\/stop-aux-ecrans-pour-les-enfants-de-moins-de-trois-ans\/\" aria-label=\"En savoir plus sur stop aux \u00e9crans pour les enfants de moins de trois ans\" tabindex=\"-1\" >\n\t\t\tLire la suite \u00bb\t\t<\/a>\n\n\t\t\t\t<\/div>\n\t\t\t\t<div class=\"elementor-post__meta-data\">\n\t\t\t\t\t<span class=\"elementor-post-date\">\n\t\t\t15\/05\/2023\t\t<\/span>\n\t\t\t\t<\/div>\n\t\t\t\t\t<\/div>\n\t\t<\/article>\n\t\t\t\t<article class=\"elementor-post elementor-grid-item post-960 post type-post status-publish format-standard has-post-thumbnail hentry category-actualites\" role=\"listitem\">\n\t\t\t<div class=\"elementor-post__card\">\n\t\t\t\t<a class=\"elementor-post__thumbnail__link\" href=\"https:\/\/www.petitescreches.fr\/index.php\/2023\/02\/10\/paris-16e-ouverture-dune-creche-de-semi-plein-air\/\" tabindex=\"-1\" ><div class=\"elementor-post__thumbnail\"><img loading=\"lazy\" decoding=\"async\" width=\"800\" height=\"600\" src=\"https:\/\/www.petitescreches.fr\/wp-content\/uploads\/2026\/04\/ST-DIDIER-LPC-1024x768.png\" class=\"attachment-large size-large wp-image-1253\" alt=\"\" srcset=\"https:\/\/www.petitescreches.fr\/wp-content\/uploads\/2026\/04\/ST-DIDIER-LPC-1024x768.png 1024w, https:\/\/www.petitescreches.fr\/wp-content\/uploads\/2026\/04\/ST-DIDIER-LPC-300x225.png 300w, https:\/\/www.petitescreches.fr\/wp-content\/uploads\/2026\/04\/ST-DIDIER-LPC-768x576.png 768w, https:\/\/www.petitescreches.fr\/wp-content\/uploads\/2026\/04\/ST-DIDIER-LPC-1536x1151.png 1536w, https:\/\/www.petitescreches.fr\/wp-content\/uploads\/2026\/04\/ST-DIDIER-LPC-2048x1535.png 2048w\" sizes=\"(max-width: 800px) 100vw, 800px\" \/><\/div><\/a>\n\t\t\t\t<div class=\"elementor-post__badge\">Actualit\u00e9s<\/div>\n\t\t\t\t<div class=\"elementor-post__text\">\n\t\t\t\t<h3 class=\"elementor-post__title\">\n\t\t\t<a href=\"https:\/\/www.petitescreches.fr\/index.php\/2023\/02\/10\/paris-16e-ouverture-dune-creche-de-semi-plein-air\/\" >\n\t\t\t\tParis 16e : ouverture d&rsquo;une cr\u00e8che de semi plein air\t\t\t<\/a>\n\t\t<\/h3>\n\t\t\n\t\t<a class=\"elementor-post__read-more\" href=\"https:\/\/www.petitescreches.fr\/index.php\/2023\/02\/10\/paris-16e-ouverture-dune-creche-de-semi-plein-air\/\" aria-label=\"En savoir plus sur Paris 16e : ouverture d&rsquo;une cr\u00e8che de semi plein air\" tabindex=\"-1\" >\n\t\t\tLire la suite \u00bb\t\t<\/a>\n\n\t\t\t\t<\/div>\n\t\t\t\t<div class=\"elementor-post__meta-data\">\n\t\t\t\t\t<span class=\"elementor-post-date\">\n\t\t\t10\/02\/2023\t\t<\/span>\n\t\t\t\t<\/div>\n\t\t\t\t\t<\/div>\n\t\t<\/article>\n\t\t\t\t<article class=\"elementor-post elementor-grid-item post-956 post type-post status-publish format-standard has-post-thumbnail hentry category-actualites\" role=\"listitem\">\n\t\t\t<div class=\"elementor-post__card\">\n\t\t\t\t<a class=\"elementor-post__thumbnail__link\" href=\"https:\/\/www.petitescreches.fr\/index.php\/2023\/02\/10\/augmentation-du-credit-dimpot-pour-laccueil-dun-enfant-en-creche\/\" tabindex=\"-1\" ><div class=\"elementor-post__thumbnail\"><img loading=\"lazy\" decoding=\"async\" width=\"285\" height=\"177\" src=\"https:\/\/www.petitescreches.fr\/wp-content\/uploads\/2023\/02\/drapeau-francais.jpg\" class=\"attachment-large size-large wp-image-1785\" alt=\"\" \/><\/div><\/a>\n\t\t\t\t<div class=\"elementor-post__badge\">Actualit\u00e9s<\/div>\n\t\t\t\t<div class=\"elementor-post__text\">\n\t\t\t\t<h3 class=\"elementor-post__title\">\n\t\t\t<a href=\"https:\/\/www.petitescreches.fr\/index.php\/2023\/02\/10\/augmentation-du-credit-dimpot-pour-laccueil-dun-enfant-en-creche\/\" >\n\t\t\t\taugmentation du cr\u00e9dit d\u2019imp\u00f4t pour l&rsquo;accueil d&rsquo;un enfant en cr\u00e8che\t\t\t<\/a>\n\t\t<\/h3>\n\t\t\n\t\t<a class=\"elementor-post__read-more\" href=\"https:\/\/www.petitescreches.fr\/index.php\/2023\/02\/10\/augmentation-du-credit-dimpot-pour-laccueil-dun-enfant-en-creche\/\" aria-label=\"En savoir plus sur augmentation du cr\u00e9dit d\u2019imp\u00f4t pour l&rsquo;accueil d&rsquo;un enfant en cr\u00e8che\" tabindex=\"-1\" >\n\t\t\tLire la suite \u00bb\t\t<\/a>\n\n\t\t\t\t<\/div>\n\t\t\t\t<div class=\"elementor-post__meta-data\">\n\t\t\t\t\t<span class=\"elementor-post-date\">\n\t\t\t10\/02\/2023\t\t<\/span>\n\t\t\t\t<\/div>\n\t\t\t\t\t<\/div>\n\t\t<\/article>\n\t\t\t\t<article class=\"elementor-post elementor-grid-item post-904 post type-post status-publish format-standard has-post-thumbnail hentry category-actualites\" role=\"listitem\">\n\t\t\t<div class=\"elementor-post__card\">\n\t\t\t\t<a class=\"elementor-post__thumbnail__link\" href=\"https:\/\/www.petitescreches.fr\/index.php\/2022\/11\/14\/sondage-familles-2022\/\" tabindex=\"-1\" ><div class=\"elementor-post__thumbnail\"><img loading=\"lazy\" decoding=\"async\" width=\"800\" height=\"450\" src=\"https:\/\/www.petitescreches.fr\/wp-content\/uploads\/2026\/04\/podium-1024x576.jpg\" class=\"attachment-large size-large wp-image-1135\" alt=\"\" srcset=\"https:\/\/www.petitescreches.fr\/wp-content\/uploads\/2026\/04\/podium-1024x576.jpg 1024w, https:\/\/www.petitescreches.fr\/wp-content\/uploads\/2026\/04\/podium-300x169.jpg 300w, https:\/\/www.petitescreches.fr\/wp-content\/uploads\/2026\/04\/podium-768x432.jpg 768w, https:\/\/www.petitescreches.fr\/wp-content\/uploads\/2026\/04\/podium-1536x864.jpg 1536w, https:\/\/www.petitescreches.fr\/wp-content\/uploads\/2026\/04\/podium.jpg 1920w\" sizes=\"(max-width: 800px) 100vw, 800px\" \/><\/div><\/a>\n\t\t\t\t<div class=\"elementor-post__badge\">Actualit\u00e9s<\/div>\n\t\t\t\t<div class=\"elementor-post__text\">\n\t\t\t\t<h3 class=\"elementor-post__title\">\n\t\t\t<a href=\"https:\/\/www.petitescreches.fr\/index.php\/2022\/11\/14\/sondage-familles-2022\/\" >\n\t\t\t\tSondage familles 2022\t\t\t<\/a>\n\t\t<\/h3>\n\t\t\n\t\t<a class=\"elementor-post__read-more\" href=\"https:\/\/www.petitescreches.fr\/index.php\/2022\/11\/14\/sondage-familles-2022\/\" aria-label=\"En savoir plus sur Sondage familles 2022\" tabindex=\"-1\" >\n\t\t\tLire la suite \u00bb\t\t<\/a>\n\n\t\t\t\t<\/div>\n\t\t\t\t<div class=\"elementor-post__meta-data\">\n\t\t\t\t\t<span class=\"elementor-post-date\">\n\t\t\t14\/11\/2022\t\t<\/span>\n\t\t\t\t<\/div>\n\t\t\t\t\t<\/div>\n\t\t<\/article>\n\t\t\t\t<article class=\"elementor-post elementor-grid-item post-857 post type-post status-publish format-standard has-post-thumbnail hentry category-actualites\" role=\"listitem\">\n\t\t\t<div class=\"elementor-post__card\">\n\t\t\t\t<a class=\"elementor-post__thumbnail__link\" href=\"https:\/\/www.petitescreches.fr\/index.php\/2022\/10\/20\/courreaux-2022\/\" tabindex=\"-1\" ><div class=\"elementor-post__thumbnail\"><img loading=\"lazy\" decoding=\"async\" width=\"613\" height=\"345\" src=\"https:\/\/www.petitescreches.fr\/wp-content\/uploads\/2022\/10\/626bb1b2ea2ff.jpg\" class=\"attachment-large size-large wp-image-1791\" alt=\"\" srcset=\"https:\/\/www.petitescreches.fr\/wp-content\/uploads\/2022\/10\/626bb1b2ea2ff.jpg 613w, https:\/\/www.petitescreches.fr\/wp-content\/uploads\/2022\/10\/626bb1b2ea2ff-300x169.jpg 300w\" sizes=\"(max-width: 613px) 100vw, 613px\" \/><\/div><\/a>\n\t\t\t\t<div class=\"elementor-post__badge\">Actualit\u00e9s<\/div>\n\t\t\t\t<div class=\"elementor-post__text\">\n\t\t\t\t<h3 class=\"elementor-post__title\">\n\t\t\t<a href=\"https:\/\/www.petitescreches.fr\/index.php\/2022\/10\/20\/courreaux-2022\/\" >\n\t\t\t\tCourreaux 2022\t\t\t<\/a>\n\t\t<\/h3>\n\t\t\n\t\t<a class=\"elementor-post__read-more\" href=\"https:\/\/www.petitescreches.fr\/index.php\/2022\/10\/20\/courreaux-2022\/\" aria-label=\"En savoir plus sur Courreaux 2022\" tabindex=\"-1\" >\n\t\t\tLire la suite \u00bb\t\t<\/a>\n\n\t\t\t\t<\/div>\n\t\t\t\t<div class=\"elementor-post__meta-data\">\n\t\t\t\t\t<span class=\"elementor-post-date\">\n\t\t\t20\/10\/2022\t\t<\/span>\n\t\t\t\t<\/div>\n\t\t\t\t\t<\/div>\n\t\t<\/article>\n\t\t\t\t<article class=\"elementor-post elementor-grid-item post-675 post type-post status-publish format-standard has-post-thumbnail hentry category-actualites\" role=\"listitem\">\n\t\t\t<div class=\"elementor-post__card\">\n\t\t\t\t<a class=\"elementor-post__thumbnail__link\" href=\"https:\/\/www.petitescreches.fr\/index.php\/2021\/09\/20\/la-diversification-alimentaire-pas-a-pas-telecharger-le-guide\/\" tabindex=\"-1\" ><div class=\"elementor-post__thumbnail\"><img loading=\"lazy\" decoding=\"async\" width=\"482\" height=\"323\" src=\"https:\/\/www.petitescreches.fr\/wp-content\/uploads\/2021\/09\/1040582-000_par8036899-1.jpg\" class=\"attachment-large size-large wp-image-1800\" alt=\"\" srcset=\"https:\/\/www.petitescreches.fr\/wp-content\/uploads\/2021\/09\/1040582-000_par8036899-1.jpg 482w, https:\/\/www.petitescreches.fr\/wp-content\/uploads\/2021\/09\/1040582-000_par8036899-1-300x201.jpg 300w\" sizes=\"(max-width: 482px) 100vw, 482px\" \/><\/div><\/a>\n\t\t\t\t<div class=\"elementor-post__badge\">Actualit\u00e9s<\/div>\n\t\t\t\t<div class=\"elementor-post__text\">\n\t\t\t\t<h3 class=\"elementor-post__title\">\n\t\t\t<a href=\"https:\/\/www.petitescreches.fr\/index.php\/2021\/09\/20\/la-diversification-alimentaire-pas-a-pas-telecharger-le-guide\/\" >\n\t\t\t\tLa diversification alimentaire pas \u00e0 pas : t\u00e9l\u00e9charger le guide\t\t\t<\/a>\n\t\t<\/h3>\n\t\t\n\t\t<a class=\"elementor-post__read-more\" href=\"https:\/\/www.petitescreches.fr\/index.php\/2021\/09\/20\/la-diversification-alimentaire-pas-a-pas-telecharger-le-guide\/\" aria-label=\"En savoir plus sur La diversification alimentaire pas \u00e0 pas : t\u00e9l\u00e9charger le guide\" tabindex=\"-1\" >\n\t\t\tLire la suite \u00bb\t\t<\/a>\n\n\t\t\t\t<\/div>\n\t\t\t\t<div class=\"elementor-post__meta-data\">\n\t\t\t\t\t<span class=\"elementor-post-date\">\n\t\t\t20\/09\/2021\t\t<\/span>\n\t\t\t\t<\/div>\n\t\t\t\t\t<\/div>\n\t\t<\/article>\n\t\t\t\t<article class=\"elementor-post elementor-grid-item post-661 post type-post status-publish format-standard has-post-thumbnail hentry category-actualites\" role=\"listitem\">\n\t\t\t<div class=\"elementor-post__card\">\n\t\t\t\t<a class=\"elementor-post__thumbnail__link\" href=\"https:\/\/www.petitescreches.fr\/index.php\/2021\/08\/02\/places-disponibles\/\" tabindex=\"-1\" ><div class=\"elementor-post__thumbnail\"><img decoding=\"async\" width=\"800\" height=\"534\" src=\"https:\/\/www.petitescreches.fr\/wp-content\/uploads\/2026\/04\/news-1024x683.jpeg\" class=\"attachment-large size-large wp-image-1770\" alt=\"\" srcset=\"https:\/\/www.petitescreches.fr\/wp-content\/uploads\/2026\/04\/news-1024x683.jpeg 1024w, https:\/\/www.petitescreches.fr\/wp-content\/uploads\/2026\/04\/news-300x200.jpeg 300w, https:\/\/www.petitescreches.fr\/wp-content\/uploads\/2026\/04\/news-768x512.jpeg 768w, https:\/\/www.petitescreches.fr\/wp-content\/uploads\/2026\/04\/news-1536x1024.jpeg 1536w, https:\/\/www.petitescreches.fr\/wp-content\/uploads\/2026\/04\/news-2048x1366.jpeg 2048w\" sizes=\"(max-width: 800px) 100vw, 800px\" \/><\/div><\/a>\n\t\t\t\t<div class=\"elementor-post__badge\">Actualit\u00e9s<\/div>\n\t\t\t\t<div class=\"elementor-post__text\">\n\t\t\t\t<h3 class=\"elementor-post__title\">\n\t\t\t<a href=\"https:\/\/www.petitescreches.fr\/index.php\/2021\/08\/02\/places-disponibles\/\" >\n\t\t\t\tPlaces disponibles !\t\t\t<\/a>\n\t\t<\/h3>\n\t\t\n\t\t<a class=\"elementor-post__read-more\" href=\"https:\/\/www.petitescreches.fr\/index.php\/2021\/08\/02\/places-disponibles\/\" aria-label=\"En savoir plus sur Places disponibles !\" tabindex=\"-1\" >\n\t\t\tLire la suite \u00bb\t\t<\/a>\n\n\t\t\t\t<\/div>\n\t\t\t\t<div class=\"elementor-post__meta-data\">\n\t\t\t\t\t<span class=\"elementor-post-date\">\n\t\t\t02\/08\/2021\t\t<\/span>\n\t\t\t\t<\/div>\n\t\t\t\t\t<\/div>\n\t\t<\/article>\n\t\t\t\t<article class=\"elementor-post elementor-grid-item post-658 post type-post status-publish format-standard has-post-thumbnail hentry category-actualites\" role=\"listitem\">\n\t\t\t<div class=\"elementor-post__card\">\n\t\t\t\t<a class=\"elementor-post__thumbnail__link\" href=\"https:\/\/www.petitescreches.fr\/index.php\/2021\/08\/02\/fermetures-estivales\/\" tabindex=\"-1\" ><div class=\"elementor-post__thumbnail\"><img decoding=\"async\" width=\"800\" height=\"534\" src=\"https:\/\/www.petitescreches.fr\/wp-content\/uploads\/2026\/04\/news-1024x683.jpeg\" class=\"attachment-large size-large wp-image-1770\" alt=\"\" srcset=\"https:\/\/www.petitescreches.fr\/wp-content\/uploads\/2026\/04\/news-1024x683.jpeg 1024w, https:\/\/www.petitescreches.fr\/wp-content\/uploads\/2026\/04\/news-300x200.jpeg 300w, https:\/\/www.petitescreches.fr\/wp-content\/uploads\/2026\/04\/news-768x512.jpeg 768w, https:\/\/www.petitescreches.fr\/wp-content\/uploads\/2026\/04\/news-1536x1024.jpeg 1536w, https:\/\/www.petitescreches.fr\/wp-content\/uploads\/2026\/04\/news-2048x1366.jpeg 2048w\" sizes=\"(max-width: 800px) 100vw, 800px\" \/><\/div><\/a>\n\t\t\t\t<div class=\"elementor-post__badge\">Actualit\u00e9s<\/div>\n\t\t\t\t<div class=\"elementor-post__text\">\n\t\t\t\t<h3 class=\"elementor-post__title\">\n\t\t\t<a href=\"https:\/\/www.petitescreches.fr\/index.php\/2021\/08\/02\/fermetures-estivales\/\" >\n\t\t\t\tFermetures estivales\t\t\t<\/a>\n\t\t<\/h3>\n\t\t\n\t\t<a class=\"elementor-post__read-more\" href=\"https:\/\/www.petitescreches.fr\/index.php\/2021\/08\/02\/fermetures-estivales\/\" aria-label=\"En savoir plus sur Fermetures estivales\" tabindex=\"-1\" >\n\t\t\tLire la suite \u00bb\t\t<\/a>\n\n\t\t\t\t<\/div>\n\t\t\t\t<div class=\"elementor-post__meta-data\">\n\t\t\t\t\t<span class=\"elementor-post-date\">\n\t\t\t02\/08\/2021\t\t<\/span>\n\t\t\t\t<\/div>\n\t\t\t\t\t<\/div>\n\t\t<\/article>\n\t\t\t\t<\/div>\n\t\t\n\t\t\t\t<div class=\"e-load-more-anchor\" data-page=\"1\" data-max-page=\"3\" data-next-page=\"https:\/\/www.petitescreches.fr\/index.php\/wp-json\/wp\/v2\/pages\/1763\/page\/2\/\"><\/div>\n\t\t\t\t<nav class=\"elementor-pagination\" aria-label=\"Pagination\">\n\t\t\t<span class=\"page-numbers prev\">&laquo; Pr\u00e9c\u00e9dent<\/span>\n<a class=\"page-numbers next\" href=\"https:\/\/www.petitescreches.fr\/index.php\/wp-json\/wp\/v2\/pages\/1763\/page\/2\/\">Suivant &raquo;<\/a>\t\t<\/nav>\n\t\t\t\t\t\t<\/div>\n\t\t\t\t<\/div>\n\t\t\t\t\t<\/div>\n\t\t\t\t<\/div>\n\t\t\t\t<\/div>\n\t\t","protected":false},"excerpt":{"rendered":"<p>Actualit\u00e9s<\/p>\n","protected":false},"author":1,"featured_media":0,"parent":0,"menu_order":0,"comment_status":"closed","ping_status":"closed","template":"elementor_header_footer","meta":{"footnotes":""},"class_list":["post-1763","page","type-page","status-publish","hentry"],"_links":{"self":[{"href":"https:\/\/www.petitescreches.fr\/index.php\/wp-json\/wp\/v2\/pages\/1763","targetHints":{"allow":["GET"]}}],"collection":[{"href":"https:\/\/www.petitescreches.fr\/index.php\/wp-json\/wp\/v2\/pages"}],"about":[{"href":"https:\/\/www.petitescreches.fr\/index.php\/wp-json\/wp\/v2\/types\/page"}],"author":[{"embeddable":true,"href":"https:\/\/www.petitescreches.fr\/index.php\/wp-json\/wp\/v2\/users\/1"}],"replies":[{"embeddable":true,"href":"https:\/\/www.petitescreches.fr\/index.php\/wp-json\/wp\/v2\/comments?post=1763"}],"version-history":[{"count":22,"href":"https:\/\/www.petitescreches.fr\/index.php\/wp-json\/wp\/v2\/pages\/1763\/revisions"}],"predecessor-version":[{"id":1824,"href":"https:\/\/www.petitescreches.fr\/index.php\/wp-json\/wp\/v2\/pages\/1763\/revisions\/1824"}],"wp:attachment":[{"href":"https:\/\/www.petitescreches.fr\/index.php\/wp-json\/wp\/v2\/media?parent=1763"}],"curies":[{"name":"wp","href":"https:\/\/api.w.org\/{rel}","templated":true}]}}